{"id":6547,"date":"2023-11-17T11:13:13","date_gmt":"2023-11-17T10:13:13","guid":{"rendered":"https:\/\/ich-offen-sive.de\/?page_id=6547"},"modified":"2023-11-17T11:13:33","modified_gmt":"2023-11-17T10:13:33","slug":"symbolic-reading","status":"publish","type":"page","link":"https:\/\/ich-offen-sive.de\/fr\/symbolic-reading\/","title":{"rendered":"Symbolic READING"},"content":{"rendered":"<div data-elementor-type=\"wp-page\" data-elementor-id=\"6547\" class=\"elementor elementor-6547\">\n\t\t\t\t\t\t\t\t\t<section class=\"elementor-section elementor-top-section elementor-element elementor-element-4eada8d0 elementor-section-boxed elementor-section-height-default elementor-section-height-default\" data-id=\"4eada8d0\" data-element_type=\"section\">\n\t\t\t\t\t\t<div class=\"elementor-container elementor-column-gap-default\">\n\t\t\t\t\t<div class=\"elementor-column elementor-col-100 elementor-top-column elementor-element elementor-element-3d2d9ee\" data-id=\"3d2d9ee\" data-element_type=\"column\">\n\t\t\t<div class=\"elementor-widget-wrap elementor-element-populated\">\n\t\t\t\t\t\t\t\t<div class=\"elementor-element elementor-element-95473a3 elementor-widget elementor-widget-image\" data-id=\"95473a3\" data-element_type=\"widget\" data-widget_type=\"image.default\">\n\t\t\t\t<div class=\"elementor-widget-container\">\n\t\t\t<style>\/*! elementor - v3.12.1 - 02-04-2023 *\/\n.elementor-widget-image{text-align:center}.elementor-widget-image a{display:inline-block}.elementor-widget-image a img[src$=\".svg\"]{width:48px}.elementor-widget-image img{vertical-align:middle;display:inline-block}<\/style>\t\t\t\t\t\t\t\t\t\t\t\t<img decoding=\"async\" loading=\"lazy\" width=\"1024\" height=\"576\" src=\"https:\/\/ich-offen-sive.de\/wp-content\/uploads\/SymboliREADING_v002_email-1024x576.png\" class=\"attachment-large size-large wp-image-6548\" alt=\"\" srcset=\"https:\/\/ich-offen-sive.de\/wp-content\/uploads\/SymboliREADING_v002_email-1024x576.png 1024w, https:\/\/ich-offen-sive.de\/wp-content\/uploads\/SymboliREADING_v002_email-300x169.png 300w, https:\/\/ich-offen-sive.de\/wp-content\/uploads\/SymboliREADING_v002_email-768x432.png 768w, https:\/\/ich-offen-sive.de\/wp-content\/uploads\/SymboliREADING_v002_email-1536x864.png 1536w, https:\/\/ich-offen-sive.de\/wp-content\/uploads\/SymboliREADING_v002_email-18x10.png 18w, https:\/\/ich-offen-sive.de\/wp-content\/uploads\/SymboliREADING_v002_email-830x467.png 830w, https:\/\/ich-offen-sive.de\/wp-content\/uploads\/SymboliREADING_v002_email-230x129.png 230w, https:\/\/ich-offen-sive.de\/wp-content\/uploads\/SymboliREADING_v002_email-350x197.png 350w, https:\/\/ich-offen-sive.de\/wp-content\/uploads\/SymboliREADING_v002_email-480x270.png 480w, https:\/\/ich-offen-sive.de\/wp-content\/uploads\/SymboliREADING_v002_email.png 1920w\" sizes=\"(max-width: 1024px) 100vw, 1024px\" \/>\t\t\t\t\t\t\t\t\t\t\t\t\t\t\t<\/div>\n\t\t\t\t<\/div>\n\t\t\t\t<div class=\"elementor-element elementor-element-d4036ee elementor-widget elementor-widget-spacer\" data-id=\"d4036ee\" data-element_type=\"widget\" data-widget_type=\"spacer.default\">\n\t\t\t\t<div class=\"elementor-widget-container\">\n\t\t\t<style>\/*! elementor - v3.12.1 - 02-04-2023 *\/\n.elementor-column .elementor-spacer-inner{height:var(--spacer-size)}.e-con{--container-widget-width:100%}.e-con-inner>.elementor-widget-spacer,.e-con>.elementor-widget-spacer{width:var(--container-widget-width,var(--spacer-size));--align-self:var(--container-widget-align-self,initial);--flex-shrink:0}.e-con-inner>.elementor-widget-spacer>.elementor-widget-container,.e-con-inner>.elementor-widget-spacer>.elementor-widget-container>.elementor-spacer,.e-con>.elementor-widget-spacer>.elementor-widget-container,.e-con>.elementor-widget-spacer>.elementor-widget-container>.elementor-spacer{height:100%}.e-con-inner>.elementor-widget-spacer>.elementor-widget-container>.elementor-spacer>.elementor-spacer-inner,.e-con>.elementor-widget-spacer>.elementor-widget-container>.elementor-spacer>.elementor-spacer-inner{height:var(--container-widget-height,var(--spacer-size))}<\/style>\t\t<div class=\"elementor-spacer\">\n\t\t\t<div class=\"elementor-spacer-inner\"><\/div>\n\t\t<\/div>\n\t\t\t\t<\/div>\n\t\t\t\t<\/div>\n\t\t\t\t<div class=\"elementor-element elementor-element-220a5253 elementor-widget elementor-widget-text-editor\" data-id=\"220a5253\" data-element_type=\"widget\" data-widget_type=\"text-editor.default\">\n\t\t\t\t<div class=\"elementor-widget-container\">\n\t\t\t<style>\/*! elementor - v3.12.1 - 02-04-2023 *\/\n.elementor-widget-text-editor.elementor-drop-cap-view-stacked .elementor-drop-cap{background-color:#69727d;color:#fff}.elementor-widget-text-editor.elementor-drop-cap-view-framed .elementor-drop-cap{color:#69727d;border:3px solid;background-color:transparent}.elementor-widget-text-editor:not(.elementor-drop-cap-view-default) .elementor-drop-cap{margin-top:8px}.elementor-widget-text-editor:not(.elementor-drop-cap-view-default) .elementor-drop-cap-letter{width:1em;height:1em}.elementor-widget-text-editor .elementor-drop-cap{float:left;text-align:center;line-height:1;font-size:50px}.elementor-widget-text-editor .elementor-drop-cap-letter{display:inline-block}<\/style>\t\t\t\t<p><span style=\"color: #333300;\">Das symbolische Lesen und Deuten ist <strong>ein wunderbares einfaches Tool<\/strong>, um unbewu\u00dften Einstellungen, Denk- und Handlungsmotiven auf die Spur zu kommen, sie sichtbar und damit verstehbar zu machen als wichtige Voraussetzung, um eventuell gew\u00fcnschte Ver\u00e4nderungen bewirken zu k\u00f6nnen.<\/span><\/p><p><span style=\"color: #333300;\">Es kann in allen Lebensbereichen angewendet werden und es entfaltet sich ein schier grenzenloses Potenzial, sobald man die Funktionsweise erkannt hat.<\/span><\/p><p><span style=\"color: #333300;\">Eine tiefgreifende innere Verbindung mit dem eigenen Sein und der umgebenden Welt wird gef\u00f6rdert und ganz besonders die Kreativit\u00e4t angeregt. Neben dem tieferen Verst\u00e4ndnis seiner selbst kann symbolische Deutung regelrecht befl\u00fcgeln und gl\u00fccklich machen.<\/span><\/p><p><span style=\"color: #333300;\">In unserer westlich gepr\u00e4gten Kultur neigen wir sehr stark dazu, auf den Verstand, Analyse und Rationalit\u00e4t zu setzen.<\/span><\/p><p><span style=\"color: #333300;\">Das weitaus umfangreichere Wissensreservoir ist jedoch das Unterbewusstsein, in dem s\u00e4mtliche Lebenserfahrungen 360\u00b0 detailreich gespeichert sind, einschlie\u00dflich unserer tief verwurzelten Glaubenss\u00e4tze und \u00dcberzeugungen.<em>\u00a0\u00a0 <\/em><\/span><\/p><p><span style=\"color: #333300;\">Das Unterbewusstsein kommuniziert viel subtiler als unser Verstand n\u00e4mlich durch Bilder, Formen, Farben, Empfindungen und gef\u00fchlte Botschaften.<\/span><br \/><span style=\"color: #333300;\">Um an diesen enormen Wissensschatz zu gelangen, m\u00fcssen wir den Kopf quasi anderweitig besch\u00e4ftigen und sein analytisch-rationales Eingreifen herunterfahren, um mehr Raum und Ausdrucksm\u00f6glichkeiten f\u00fcr die zarten intuitiven Eingebungen und Leitungen zu schaffen.<\/span><\/p><p><span style=\"color: #ffffff;\">.<\/span><\/p><p>Deshalb erh\u00e4ltst per Email eine kleine <strong>MISSION<\/strong> von mir.<\/p><p>Nachdem Du sie erf\u00fcllt hast, treffen wir uns zu einem <strong>GESPR\u00c4CH\/Zoomcall<\/strong> und werten Deine Erfahrungen beim Erf\u00fcllen der Mission aus und Du lernst die machtvolle symbolische Deutung, die Du dann immer wieder f\u00fcr Dich selbst und andere anwenden kannst.<\/p><p><em>Keine Angst!!!<br \/>Es handelt um nichts, was Dich irgendwo in Verlegenheit bringt oder was kompliziert w\u00e4re.<br \/>Eine einfache kleine Aufgabe mit Dir, hundertprozentig und leicht erf\u00fcllbar. <strong><span class=\"x3nfvp2 x1j61x8r x1fcty0u xdj266r xhhsvwb xat24cr xgzva0m xxymvpz xlup9mm x1kky2od\"><img decoding=\"async\" loading=\"lazy\" class=\"xz74otr\" src=\"https:\/\/static.xx.fbcdn.net\/images\/emoji.php\/v9\/td9\/1.5\/16\/1f64f.png\" alt=\"\ud83d\ude4f\" width=\"16\" height=\"16\" \/><\/span><\/strong><\/em><\/p><p><span style=\"color: #ffffff;\">.<\/span><\/p><p><strong><img decoding=\"async\" loading=\"lazy\" class=\"alignleft\" src=\"https:\/\/ich-offen-sive.de\/wp-content\/uploads\/herz-flamingo-294x300.png\" sizes=\"(max-width: 31px) 100vw, 31px\" srcset=\"https:\/\/ich-offen-sive.de\/wp-content\/uploads\/herz-flamingo-294x300.png 294w, https:\/\/ich-offen-sive.de\/wp-content\/uploads\/herz-flamingo-150x150.png 150w, https:\/\/ich-offen-sive.de\/wp-content\/uploads\/herz-flamingo-64x64.png 64w, https:\/\/ich-offen-sive.de\/wp-content\/uploads\/herz-flamingo-230x235.png 230w, https:\/\/ich-offen-sive.de\/wp-content\/uploads\/herz-flamingo.png 348w\" alt=\"herz flamingo\" width=\"49\" height=\"49\" \/>Ich freue mich auf Dich &amp; dieses sch\u00f6ne kleine Abenteuer.<\/strong><\/p><p><strong>Deine Kathrin<\/strong><\/p><p><span style=\"color: #ffffff;\">.<\/span><\/p><p><span style=\"color: #ffffff;\">.<\/span><\/p><p>\n<div class=\"wpcf7 no-js\" id=\"wpcf7-f6480-o1\" lang=\"de-DE\" dir=\"ltr\">\n<div class=\"screen-reader-response\"><p role=\"status\" aria-live=\"polite\" aria-atomic=\"true\"><\/p> <ul><\/ul><\/div>\n<form action=\"\/fr\/wp-json\/wp\/v2\/pages\/6547#wpcf7-f6480-o1\" method=\"post\" class=\"wpcf7-form init\" aria-label=\"Kontaktformular\" novalidate=\"novalidate\" data-status=\"init\" data-trp-original-action=\"\/fr\/wp-json\/wp\/v2\/pages\/6547#wpcf7-f6480-o1\">\n<div style=\"display: none;\">\n<input type=\"hidden\" name=\"_wpcf7\" value=\"6480\" \/>\n<input type=\"hidden\" name=\"_wpcf7_version\" value=\"5.7.5.1\" \/>\n<input type=\"hidden\" name=\"_wpcf7_locale\" value=\"de_DE\" \/>\n<input type=\"hidden\" name=\"_wpcf7_unit_tag\" value=\"wpcf7-f6480-o1\" \/>\n<input type=\"hidden\" name=\"_wpcf7_container_post\" value=\"0\" \/>\n<input type=\"hidden\" name=\"_wpcf7_posted_data_hash\" value=\"\" \/>\n<\/div>\n<p><label> Dein Name<br \/>\n<span class=\"wpcf7-form-control-wrap\" data-name=\"your-name\"><input size=\"40\" class=\"wpcf7-form-control wpcf7-text wpcf7-validates-as-required\" aria-required=\"true\" aria-invalid=\"false\" value=\"\" type=\"text\" name=\"your-name\" \/><\/span> <\/label>\n<\/p>\n<p><label> Deine E-Mail-Adresse<br \/>\n<span class=\"wpcf7-form-control-wrap\" data-name=\"your-email\"><input size=\"40\" class=\"wpcf7-form-control wpcf7-text wpcf7-email wpcf7-validates-as-required wpcf7-validates-as-email\" aria-required=\"true\" aria-invalid=\"false\" value=\"\" type=\"email\" name=\"your-email\" \/><\/span> <\/label>\n<\/p>\n<p><input class=\"wpcf7-form-control has-spinner wpcf7-submit\" type=\"submit\" value=\"Erhalte Deine MISSION\" \/>\n<\/p><div class=\"wpcf7-response-output\" aria-hidden=\"true\"><\/div>\n<input type=\"hidden\" name=\"trp-form-language\" value=\"fr\"\/><\/form>\n<\/div>\n<\/p>\t\t\t\t\t\t<\/div>\n\t\t\t\t<\/div>\n\t\t\t\t\t<\/div>\n\t\t<\/div>\n\t\t\t\t\t\t\t<\/div>\n\t\t<\/section>\n\t\t\t\t\t\t\t<\/div>","protected":false},"excerpt":{"rendered":"<p>Das symbolische Lesen und Deuten ist ein wunderbares einfaches Tool, um unbewu\u00dften Einstellungen, Denk- und Handlungsmotiven auf die Spur zu kommen, sie sichtbar und damit verstehbar zu machen als wichtige Voraussetzung, um eventuell gew\u00fcnschte Ver\u00e4nderungen bewirken zu k\u00f6nnen. Es kann in allen Lebensbereichen angewendet werden und es entfaltet sich ein schier grenzenloses Potenzial, sobald man [&hellip;]<\/p>","protected":false},"author":1,"featured_media":0,"parent":0,"menu_order":0,"comment_status":"closed","ping_status":"closed","template":"elementor_theme","meta":{"jetpack_post_was_ever_published":false,"footnotes":""},"yoast_head":"<!-- This site is optimized with the Yoast SEO plugin v20.4 - https:\/\/yoast.com\/wordpress\/plugins\/seo\/ -->\n<title>Symbolic READING -<\/title>\n<meta name=\"robots\" content=\"index, follow, max-snippet:-1, max-image-preview:large, max-video-preview:-1\" \/>\n<link rel=\"canonical\" href=\"https:\/\/ich-offen-sive.de\/fr\/symbolic-reading\/\" \/>\n<meta property=\"og:locale\" content=\"fr_FR\" \/>\n<meta property=\"og:type\" content=\"article\" \/>\n<meta property=\"og:title\" content=\"Symbolic READING -\" \/>\n<meta property=\"og:description\" content=\"Das symbolische Lesen und Deuten ist ein wunderbares einfaches Tool, um unbewu\u00dften Einstellungen, Denk- und Handlungsmotiven auf die Spur zu kommen, sie sichtbar und damit verstehbar zu machen als wichtige Voraussetzung, um eventuell gew\u00fcnschte Ver\u00e4nderungen bewirken zu k\u00f6nnen. Es kann in allen Lebensbereichen angewendet werden und es entfaltet sich ein schier grenzenloses Potenzial, sobald man [&hellip;]\" \/>\n<meta property=\"og:url\" content=\"https:\/\/ich-offen-sive.de\/fr\/symbolic-reading\/\" \/>\n<meta property=\"article:modified_time\" content=\"2023-11-17T10:13:33+00:00\" \/>\n<meta property=\"og:image\" content=\"https:\/\/ich-offen-sive.de\/wp-content\/uploads\/SymboliREADING_v002_email-1024x576.png\" \/>\n<meta name=\"twitter:card\" content=\"summary_large_image\" \/>\n<meta name=\"twitter:label1\" content=\"Dur\u00e9e de lecture estim\u00e9e\" \/>\n\t<meta name=\"twitter:data1\" content=\"3 minutes\" \/>\n<script type=\"application\/ld+json\" class=\"yoast-schema-graph\">{\"@context\":\"https:\/\/schema.org\",\"@graph\":[{\"@type\":\"WebPage\",\"@id\":\"https:\/\/ich-offen-sive.de\/symbolic-reading\/\",\"url\":\"https:\/\/ich-offen-sive.de\/symbolic-reading\/\",\"name\":\"Symbolic READING -\",\"isPartOf\":{\"@id\":\"https:\/\/ich-offen-sive.de\/#website\"},\"datePublished\":\"2023-11-17T10:13:13+00:00\",\"dateModified\":\"2023-11-17T10:13:33+00:00\",\"breadcrumb\":{\"@id\":\"https:\/\/ich-offen-sive.de\/symbolic-reading\/#breadcrumb\"},\"inLanguage\":\"fr-FR\",\"potentialAction\":[{\"@type\":\"ReadAction\",\"target\":[\"https:\/\/ich-offen-sive.de\/symbolic-reading\/\"]}]},{\"@type\":\"BreadcrumbList\",\"@id\":\"https:\/\/ich-offen-sive.de\/symbolic-reading\/#breadcrumb\",\"itemListElement\":[{\"@type\":\"ListItem\",\"position\":1,\"name\":\"Accueil\",\"item\":\"https:\/\/ich-offen-sive.de\/\"},{\"@type\":\"ListItem\",\"position\":2,\"name\":\"Symbolic READING\"}]},{\"@type\":\"WebSite\",\"@id\":\"https:\/\/ich-offen-sive.de\/#website\",\"url\":\"https:\/\/ich-offen-sive.de\/\",\"name\":\"\",\"description\":\"Stark &amp; liebevoll beginnt bei DIR selbst\",\"potentialAction\":[{\"@type\":\"SearchAction\",\"target\":{\"@type\":\"EntryPoint\",\"urlTemplate\":\"https:\/\/ich-offen-sive.de\/?s={search_term_string}\"},\"query-input\":\"required name=search_term_string\"}],\"inLanguage\":\"fr-FR\"}]}<\/script>\n<!-- \/ Yoast SEO plugin. -->","yoast_head_json":{"title":"Symbolic READING -","robots":{"index":"index","follow":"follow","max-snippet":"max-snippet:-1","max-image-preview":"max-image-preview:large","max-video-preview":"max-video-preview:-1"},"canonical":"https:\/\/ich-offen-sive.de\/fr\/symbolic-reading\/","og_locale":"fr_FR","og_type":"article","og_title":"Symbolic READING -","og_description":"Das symbolische Lesen und Deuten ist ein wunderbares einfaches Tool, um unbewu\u00dften Einstellungen, Denk- und Handlungsmotiven auf die Spur zu kommen, sie sichtbar und damit verstehbar zu machen als wichtige Voraussetzung, um eventuell gew\u00fcnschte Ver\u00e4nderungen bewirken zu k\u00f6nnen. Es kann in allen Lebensbereichen angewendet werden und es entfaltet sich ein schier grenzenloses Potenzial, sobald man [&hellip;]","og_url":"https:\/\/ich-offen-sive.de\/fr\/symbolic-reading\/","article_modified_time":"2023-11-17T10:13:33+00:00","og_image":[{"url":"https:\/\/ich-offen-sive.de\/wp-content\/uploads\/SymboliREADING_v002_email-1024x576.png"}],"twitter_card":"summary_large_image","twitter_misc":{"Dur\u00e9e de lecture estim\u00e9e":"3 minutes"},"schema":{"@context":"https:\/\/schema.org","@graph":[{"@type":"WebPage","@id":"https:\/\/ich-offen-sive.de\/symbolic-reading\/","url":"https:\/\/ich-offen-sive.de\/symbolic-reading\/","name":"Symbolic READING -","isPartOf":{"@id":"https:\/\/ich-offen-sive.de\/#website"},"datePublished":"2023-11-17T10:13:13+00:00","dateModified":"2023-11-17T10:13:33+00:00","breadcrumb":{"@id":"https:\/\/ich-offen-sive.de\/symbolic-reading\/#breadcrumb"},"inLanguage":"fr-FR","potentialAction":[{"@type":"ReadAction","target":["https:\/\/ich-offen-sive.de\/symbolic-reading\/"]}]},{"@type":"BreadcrumbList","@id":"https:\/\/ich-offen-sive.de\/symbolic-reading\/#breadcrumb","itemListElement":[{"@type":"ListItem","position":1,"name":"Accueil","item":"https:\/\/ich-offen-sive.de\/"},{"@type":"ListItem","position":2,"name":"Symbolic READING"}]},{"@type":"WebSite","@id":"https:\/\/ich-offen-sive.de\/#website","url":"https:\/\/ich-offen-sive.de\/","name":"","description":"Stark &amp; liebevoll beginnt bei DIR selbst","potentialAction":[{"@type":"SearchAction","target":{"@type":"EntryPoint","urlTemplate":"https:\/\/ich-offen-sive.de\/?s={search_term_string}"},"query-input":"required name=search_term_string"}],"inLanguage":"fr-FR"}]}},"jetpack_sharing_enabled":true,"jetpack_shortlink":"https:\/\/wp.me\/P804zd-1HB","_links":{"self":[{"href":"https:\/\/ich-offen-sive.de\/fr\/wp-json\/wp\/v2\/pages\/6547"}],"collection":[{"href":"https:\/\/ich-offen-sive.de\/fr\/wp-json\/wp\/v2\/pages"}],"about":[{"href":"https:\/\/ich-offen-sive.de\/fr\/wp-json\/wp\/v2\/types\/page"}],"author":[{"embeddable":true,"href":"https:\/\/ich-offen-sive.de\/fr\/wp-json\/wp\/v2\/users\/1"}],"replies":[{"embeddable":true,"href":"https:\/\/ich-offen-sive.de\/fr\/wp-json\/wp\/v2\/comments?post=6547"}],"version-history":[{"count":5,"href":"https:\/\/ich-offen-sive.de\/fr\/wp-json\/wp\/v2\/pages\/6547\/revisions"}],"predecessor-version":[{"id":6557,"href":"https:\/\/ich-offen-sive.de\/fr\/wp-json\/wp\/v2\/pages\/6547\/revisions\/6557"}],"wp:attachment":[{"href":"https:\/\/ich-offen-sive.de\/fr\/wp-json\/wp\/v2\/media?parent=6547"}],"curies":[{"name":"wp","href":"https:\/\/api.w.org\/{rel}","templated":true}]}}