{"id":6365,"date":"2023-10-28T11:29:09","date_gmt":"2023-10-28T09:29:09","guid":{"rendered":"https:\/\/ich-offen-sive.de\/?page_id=6365"},"modified":"2023-10-28T11:31:21","modified_gmt":"2023-10-28T09:31:21","slug":"wie-viel-vertrauen-traegst-du-in-dir-bzw-wie-viel-angst-die-das-verhindert","status":"publish","type":"page","link":"https:\/\/ich-offen-sive.de\/fr\/wie-viel-vertrauen-traegst-du-in-dir-bzw-wie-viel-angst-die-das-verhindert\/","title":{"rendered":"Wie viel Vertrauen tr\u00e4gst Du in Dir? Bzw. wie viel Angst, die das verhindert ?"},"content":{"rendered":"<div data-elementor-type=\"wp-page\" data-elementor-id=\"6365\" class=\"elementor elementor-6365\">\n\t\t\t\t\t\t\t\t\t<section class=\"elementor-section elementor-top-section elementor-element elementor-element-7fa4c47 elementor-section-boxed elementor-section-height-default elementor-section-height-default\" data-id=\"7fa4c47\" data-element_type=\"section\">\n\t\t\t\t\t\t<div class=\"elementor-container elementor-column-gap-default\">\n\t\t\t\t\t<div class=\"elementor-column elementor-col-100 elementor-top-column elementor-element elementor-element-9d3eb05\" data-id=\"9d3eb05\" data-element_type=\"column\">\n\t\t\t<div class=\"elementor-widget-wrap elementor-element-populated\">\n\t\t\t\t\t\t\t\t<div class=\"elementor-element elementor-element-e6048d8 elementor-widget elementor-widget-image\" data-id=\"e6048d8\" data-element_type=\"widget\" data-widget_type=\"image.default\">\n\t\t\t\t<div class=\"elementor-widget-container\">\n\t\t\t<style>\/*! elementor - v3.12.1 - 02-04-2023 *\/\n.elementor-widget-image{text-align:center}.elementor-widget-image a{display:inline-block}.elementor-widget-image a img[src$=\".svg\"]{width:48px}.elementor-widget-image img{vertical-align:middle;display:inline-block}<\/style>\t\t\t\t\t\t\t\t\t\t\t\t<img decoding=\"async\" loading=\"lazy\" width=\"1000\" height=\"700\" src=\"https:\/\/ich-offen-sive.de\/wp-content\/uploads\/Taube.jpg\" class=\"attachment-large size-large wp-image-6367\" alt=\"\" srcset=\"https:\/\/ich-offen-sive.de\/wp-content\/uploads\/Taube.jpg 1000w, https:\/\/ich-offen-sive.de\/wp-content\/uploads\/Taube-300x210.jpg 300w, https:\/\/ich-offen-sive.de\/wp-content\/uploads\/Taube-768x538.jpg 768w, https:\/\/ich-offen-sive.de\/wp-content\/uploads\/Taube-18x12.jpg 18w, https:\/\/ich-offen-sive.de\/wp-content\/uploads\/Taube-830x581.jpg 830w, https:\/\/ich-offen-sive.de\/wp-content\/uploads\/Taube-230x161.jpg 230w, https:\/\/ich-offen-sive.de\/wp-content\/uploads\/Taube-350x245.jpg 350w, https:\/\/ich-offen-sive.de\/wp-content\/uploads\/Taube-480x336.jpg 480w\" sizes=\"(max-width: 1000px) 100vw, 1000px\" \/>\t\t\t\t\t\t\t\t\t\t\t\t\t\t\t<\/div>\n\t\t\t\t<\/div>\n\t\t\t\t\t<\/div>\n\t\t<\/div>\n\t\t\t\t\t\t\t<\/div>\n\t\t<\/section>\n\t\t\t\t<section class=\"elementor-section elementor-top-section elementor-element elementor-element-e975b34 elementor-section-boxed elementor-section-height-default elementor-section-height-default\" data-id=\"e975b34\" data-element_type=\"section\">\n\t\t\t\t\t\t<div class=\"elementor-container elementor-column-gap-default\">\n\t\t\t\t\t<div class=\"elementor-column elementor-col-100 elementor-top-column elementor-element elementor-element-482a44e\" data-id=\"482a44e\" data-element_type=\"column\">\n\t\t\t<div class=\"elementor-widget-wrap elementor-element-populated\">\n\t\t\t\t\t\t\t\t<div class=\"elementor-element elementor-element-f139d89 elementor-widget elementor-widget-heading\" data-id=\"f139d89\" data-element_type=\"widget\" data-widget_type=\"heading.default\">\n\t\t\t\t<div class=\"elementor-widget-container\">\n\t\t\t<style>\/*! elementor - v3.12.1 - 02-04-2023 *\/\n.elementor-heading-title{padding:0;margin:0;line-height:1}.elementor-widget-heading .elementor-heading-title[class*=elementor-size-]>a{color:inherit;font-size:inherit;line-height:inherit}.elementor-widget-heading .elementor-heading-title.elementor-size-small{font-size:15px}.elementor-widget-heading .elementor-heading-title.elementor-size-medium{font-size:19px}.elementor-widget-heading .elementor-heading-title.elementor-size-large{font-size:29px}.elementor-widget-heading .elementor-heading-title.elementor-size-xl{font-size:39px}.elementor-widget-heading .elementor-heading-title.elementor-size-xxl{font-size:59px}<\/style><h2 class=\"elementor-heading-title elementor-size-default\">Was bringt uns Menschen in Frieden & Ein-heit<\/h2>\t\t<\/div>\n\t\t\t\t<\/div>\n\t\t\t\t\t<\/div>\n\t\t<\/div>\n\t\t\t\t\t\t\t<\/div>\n\t\t<\/section>\n\t\t\t\t<section class=\"elementor-section elementor-top-section elementor-element elementor-element-7225fbd elementor-section-boxed elementor-section-height-default elementor-section-height-default\" data-id=\"7225fbd\" data-element_type=\"section\">\n\t\t\t\t\t\t<div class=\"elementor-container elementor-column-gap-default\">\n\t\t\t\t\t<div class=\"elementor-column elementor-col-100 elementor-top-column elementor-element elementor-element-6024358\" data-id=\"6024358\" data-element_type=\"column\">\n\t\t\t<div class=\"elementor-widget-wrap elementor-element-populated\">\n\t\t\t\t\t\t\t\t<div class=\"elementor-element elementor-element-95d0409 elementor-widget elementor-widget-text-editor\" data-id=\"95d0409\" data-element_type=\"widget\" data-widget_type=\"text-editor.default\">\n\t\t\t\t<div class=\"elementor-widget-container\">\n\t\t\t<style>\/*! elementor - v3.12.1 - 02-04-2023 *\/\n.elementor-widget-text-editor.elementor-drop-cap-view-stacked .elementor-drop-cap{background-color:#69727d;color:#fff}.elementor-widget-text-editor.elementor-drop-cap-view-framed .elementor-drop-cap{color:#69727d;border:3px solid;background-color:transparent}.elementor-widget-text-editor:not(.elementor-drop-cap-view-default) .elementor-drop-cap{margin-top:8px}.elementor-widget-text-editor:not(.elementor-drop-cap-view-default) .elementor-drop-cap-letter{width:1em;height:1em}.elementor-widget-text-editor .elementor-drop-cap{float:left;text-align:center;line-height:1;font-size:50px}.elementor-widget-text-editor .elementor-drop-cap-letter{display:inline-block}<\/style>\t\t\t\t<h4><strong><span style=\"color: #ff6600;\">Teil 2<\/span><\/strong><\/h4>\t\t\t\t\t\t<\/div>\n\t\t\t\t<\/div>\n\t\t\t\t<div class=\"elementor-element elementor-element-61dfbef elementor-widget__width-initial elementor-widget elementor-widget-text-editor\" data-id=\"61dfbef\" data-element_type=\"widget\" data-widget_type=\"text-editor.default\">\n\t\t\t\t<div class=\"elementor-widget-container\">\n\t\t\t\t\t\t\t<div class=\"xdj266r x11i5rnm xat24cr x1mh8g0r x1vvkbs x126k92a\"><div dir=\"auto\"><h4><span style=\"color: #993300;\">Im<strong> FRIEDEN leben wir.<\/strong><\/span><\/h4><\/div><\/div><div class=\"x11i5rnm xat24cr x1mh8g0r x1vvkbs xtlvy1s x126k92a\"><div dir=\"auto\"><p><strong><span style=\"color: #ff6600;\">Frieden KRIEGt man nicht.<\/span><\/strong><\/p><\/div><\/div><div class=\"x11i5rnm xat24cr x1mh8g0r x1vvkbs xtlvy1s x126k92a\"><div dir=\"auto\"><p><strong><span style=\"color: #ff6600;\">Im Krieg \u00fcberleben wir \u2013 vielleicht\u2026<\/span><\/strong><\/p><\/div><\/div><div class=\"x11i5rnm xat24cr x1mh8g0r x1vvkbs xtlvy1s x126k92a\"><div dir=\"auto\"><span style=\"color: #993300;\"><strong>Krieg ist Bedrohung, stets &amp; st\u00e4ndig.<\/strong><\/span><\/div><\/div><div class=\"x11i5rnm xat24cr x1mh8g0r x1vvkbs xtlvy1s x126k92a\"><div dir=\"auto\"><span style=\"color: #993300;\"><strong>Krieg ist Trennung in Freund &amp; Feind.<\/strong><\/span><\/div><div dir=\"auto\">\u00a0<\/div><\/div><div class=\"x11i5rnm xat24cr x1mh8g0r x1vvkbs xtlvy1s x126k92a\"><div dir=\"auto\">Jetzt m\u00fcssen wir alle uns um jeden Preis gleich verhalten, um zu \u00fcberleben :<\/div><div dir=\"auto\">mit allem sparsam umgehen (Licht, Lebensmittel, Benzin, laute Musik, Ausfl\u00fcge, \u2026),<\/div><div dir=\"auto\">sich sch\u00f6n leise und ged\u00e4mpft verhalten, vitale Bed\u00fcrfnisse unterdr\u00fccken \u2026<\/div><div dir=\"auto\">\u00a0<\/div><div dir=\"auto\">&#8230;die dann exzessiv von Zeit zu Zeit herausbrechen oder bewu\u00dft als Flucht aus den beengten traurigen Bedingungen zelebriert werden.<\/div><div dir=\"auto\">\u00a0<\/div><\/div><div class=\"x11i5rnm xat24cr x1mh8g0r x1vvkbs xtlvy1s x126k92a\"><div dir=\"auto\"><span style=\"color: #993300;\"><strong>..ja aber kommt einem das nicht im Kern bekannt vor?<\/strong><\/span><\/div><div dir=\"auto\">\u00a0<\/div><\/div><div class=\"x11i5rnm xat24cr x1mh8g0r x1vvkbs xtlvy1s x126k92a\"><div dir=\"auto\"><span style=\"color: #993300;\"><strong>Sind wir modernen Menschen nicht im Kern eingeengt<\/strong><\/span> in<\/div><div dir=\"auto\">&#8211; Verhaltenscodes und \u00e4ngstliches Konkurrenzdenken<\/div><div dir=\"auto\">&#8211; der Angst davor zu sehr aufzufallen und ungerechten Konsequenzen ausgesetzt zu sein <br \/>( \u201e..und wer den Kopf zu weit oben hat, der find\u2018 seine Ruhe nicht. \u2026\u201c Gundermann, Gras)<\/div><\/div><div class=\"x11i5rnm xat24cr x1mh8g0r x1vvkbs xtlvy1s x126k92a\"><div dir=\"auto\"><strong><span style=\"color: #993300;\">und auf der Flucht<\/span><\/strong> vor<\/div><div dir=\"auto\">&#8211; dem Hamsterrad<\/div><div dir=\"auto\">&#8211; der Finanzkrise und gescheiterten Politik<\/div><div dir=\"auto\">&#8211; dem Mainstream<\/div><div dir=\"auto\">&#8211; \u2026<\/div><div dir=\"auto\">\u00a0<\/div><\/div><div class=\"x11i5rnm xat24cr x1mh8g0r x1vvkbs xtlvy1s x126k92a\"><h4 dir=\"auto\"><strong><span style=\"color: #993300;\">FRIEDEN :<\/span><\/strong><\/h4><p dir=\"auto\"><strong><span style=\"color: #993300;\">ich bin mit mir im Reinen und klar &#8211; ich bin mit Dir im Reinen und klar &#8211; <\/span><\/strong><\/p><p dir=\"auto\">und obwohl ich nicht mit Allem einverstanden bin, <br \/>kann ich vertrauensvoll bei mir bleiben.<\/p><\/div><div class=\"x11i5rnm xat24cr x1mh8g0r x1vvkbs xtlvy1s x126k92a\"><div dir=\"auto\">Ich muss nicht schnell einsch\u00e4tzen : <br \/>Freund oder Feind,\u00a0<\/div><div dir=\"auto\">sondern kann anderen als Mensch begegnen,\u00a0<\/div><div dir=\"auto\">denn wir haben immer eine gemeinsame Ebene : wir sind Mitmenschen.<\/div><div dir=\"auto\">\u00a0<\/div><\/div><div class=\"x11i5rnm xat24cr x1mh8g0r x1vvkbs xtlvy1s x126k92a\"><div dir=\"auto\"><strong><span style=\"color: #993300;\">Ohne Angst muss ich auch nicht immer der gleichen Meinung sein.<\/span><\/strong><\/div><\/div><div class=\"x11i5rnm xat24cr x1mh8g0r x1vvkbs xtlvy1s x126k92a\"><div dir=\"auto\"><strong><span style=\"color: #993300;\">Ich brauche und empfinde keine Trennung.<\/span><\/strong><\/div><div dir=\"auto\">\u00a0<\/div><\/div><div class=\"x11i5rnm xat24cr x1mh8g0r x1vvkbs xtlvy1s x126k92a\"><div dir=\"auto\">Ich kann Unterschiede zulassen, <br \/>im \u00c4u\u00dferen wie im Inneren, <br \/>in Meinungen, Vorgehensweisen, Ausdrucksweisen usw..<\/div><div dir=\"auto\">\u00a0<\/div><\/div><div class=\"x11i5rnm xat24cr x1mh8g0r x1vvkbs xtlvy1s x126k92a\"><div dir=\"auto\"><strong><span style=\"color: #993300;\">Ich kann vertrauensvoll in der Gemeinschaft, in der Einheit bleiben.<\/span><\/strong><\/div><\/div><div class=\"x11i5rnm xat24cr x1mh8g0r x1vvkbs xtlvy1s x126k92a\"><div dir=\"auto\"><p><strong><span style=\"color: #993300;\">Mit mir, mit anderen und letztlich mit der ganzen Welt.<\/span><\/strong><\/p><\/div><div dir=\"auto\">Ich kann Disharmonien aushalten und tragen ohne in Abwehr durch \u00e4ngstliche Bedrohung zu fallen.<\/div><\/div><div class=\"x11i5rnm xat24cr x1mh8g0r x1vvkbs xtlvy1s x126k92a\"><div dir=\"auto\">Ich kann diesen friedvollen Zustand mit meinem Umfeld teilen selbst wenn jemand anderes in Unfrieden gefallen ist \u2026<\/div><\/div><div class=\"x11i5rnm xat24cr x1mh8g0r x1vvkbs xtlvy1s x126k92a\"><div dir=\"auto\">Ich bin mit mir im Reinen und klar &#8211; ich bin mit Dir im Reinen und klar.<\/div><\/div><div class=\"x11i5rnm xat24cr x1mh8g0r x1vvkbs xtlvy1s x126k92a\"><div dir=\"auto\">\u00a0<\/div><div dir=\"auto\"><strong><span style=\"color: #993300;\">Einheit mit mir, Einheit mit der Welt, <\/span><\/strong><br \/><strong><span style=\"color: #993300;\">ich muss mit niemanden mehr in den Widerstand gehen, weil mein \u201e\u00dcberleben\u201c davon abh\u00e4ngt.<\/span><\/strong><\/div><div dir=\"auto\">\u00a0<\/div><div dir=\"auto\">Und \u201e\u00dcberleben\u201c in unseren Tagen f\u00fchlt sich manchmal an wie :<\/div><div dir=\"auto\">ich \u201emuss\u201c mein Gesicht wahren, Recht behalten,<\/div><div dir=\"auto\">ich kann nicht zulassen, dass mich andere Kollegen \u00fcbervorteilen,<\/div><div dir=\"auto\"><p>sich jemand vordr\u00e4ngelt \u2026<\/p><\/div><\/div><div class=\"x11i5rnm xat24cr x1mh8g0r x1vvkbs xtlvy1s x126k92a\"><h5 dir=\"auto\"><span style=\"color: #993300;\">Wer von Euch kennt wahrhaftig diesen Zustand mit allem und allen verbunden und im Frieden zu sein ?<\/span><\/h5><\/div><div class=\"x11i5rnm xat24cr x1mh8g0r x1vvkbs xtlvy1s x126k92a\"><div dir=\"auto\">\u00a0<\/div><h5 dir=\"auto\"><span style=\"color: #993300;\">Ich denke, das ist das verlorene Paradies \u2013 und wir zahlen alle mehr oder weniger den Preis der Angst. <span class=\"x3nfvp2 x1j61x8r x1fcty0u xdj266r xhhsvwb xat24cr xgzva0m xxymvpz xlup9mm x1kky2od\"><img decoding=\"async\" loading=\"lazy\" class=\"xz74otr\" src=\"https:\/\/static.xx.fbcdn.net\/images\/emoji.php\/v9\/td9\/1.5\/16\/1f64f.png\" alt=\"\ud83d\ude4f\" width=\"16\" height=\"16\" \/><\/span><\/span><\/h5><div dir=\"auto\">\u00a0<\/div><div dir=\"auto\">Wenn Du Dich auch f\u00fcr &#8222;dieses verlorene Paradies&#8220;\u00a0 interessierst, <br \/>wie wir aus Angst und Konditionierungen heraustreten k\u00f6nnen, dann schau &#8218; gern vorbei in meiner<\/div><h4 dir=\"auto\">\u00a0 <span style=\"color: #ffcc00;\"><strong>Inspirationswerkstatt\u00a0<\/strong><\/span><\/h4><div dir=\"auto\"><span style=\"color: #808080;\">Sie findet immer Dienstagabend live auf Facebook statt, aber Du findest sie auch auf Youtube.<br \/><a style=\"color: #808080;\" href=\"https:\/\/www.youtube.com\/playlist?list=PLvSsIO--j0GjPQ4lR0Wpn1msUo7zUA-E9\"><span style=\"color: #ffcc00;\">INSPIRATIONSWERKSTATT-Playlist<\/span><\/a><\/span><\/div><div dir=\"auto\"><span class=\"x3nfvp2 x1j61x8r x1fcty0u xdj266r xhhsvwb xat24cr xgzva0m xxymvpz xlup9mm x1kky2od\"><img decoding=\"async\" loading=\"lazy\" class=\"xz74otr\" src=\"https:\/\/static.xx.fbcdn.net\/images\/emoji.php\/v9\/t6e\/1.5\/16\/1f49b.png\" alt=\"\ud83d\udc9b\" width=\"16\" height=\"16\" \/><\/span><span class=\"x3nfvp2 x1j61x8r x1fcty0u xdj266r xhhsvwb xat24cr xgzva0m xxymvpz xlup9mm x1kky2od\"><img decoding=\"async\" loading=\"lazy\" class=\"xz74otr\" src=\"https:\/\/static.xx.fbcdn.net\/images\/emoji.php\/v9\/t6e\/1.5\/16\/1f49b.png\" alt=\"\ud83d\udc9b\" width=\"16\" height=\"16\" \/><\/span><span class=\"x3nfvp2 x1j61x8r x1fcty0u xdj266r xhhsvwb xat24cr xgzva0m xxymvpz xlup9mm x1kky2od\"><img decoding=\"async\" loading=\"lazy\" class=\"xz74otr\" src=\"https:\/\/static.xx.fbcdn.net\/images\/emoji.php\/v9\/t6e\/1.5\/16\/1f49b.png\" alt=\"\ud83d\udc9b\" width=\"16\" height=\"16\" \/><\/span><span class=\"x3nfvp2 x1j61x8r x1fcty0u xdj266r xhhsvwb xat24cr xgzva0m xxymvpz xlup9mm x1kky2od\"><img decoding=\"async\" loading=\"lazy\" class=\"xz74otr\" src=\"https:\/\/static.xx.fbcdn.net\/images\/emoji.php\/v9\/t26\/1.5\/16\/1fab6.png\" alt=\"\ud83e\udeb6\" width=\"16\" height=\"16\" \/><\/span><\/div><div dir=\"auto\"><span class=\"x3nfvp2 x1j61x8r x1fcty0u xdj266r xhhsvwb xat24cr xgzva0m xxymvpz xlup9mm x1kky2od\">\u00a0<\/span><\/div><h3 dir=\"auto\"><span style=\"color: #993300;\">Out of matrix \u2013 back to Paradise<\/span><\/h3><\/div>\t\t\t\t\t\t<\/div>\n\t\t\t\t<\/div>\n\t\t\t\t\t<\/div>\n\t\t<\/div>\n\t\t\t\t\t\t\t<\/div>\n\t\t<\/section>\n\t\t\t\t\t\t\t<\/div>","protected":false},"excerpt":{"rendered":"<p>Was bringt uns Menschen in Frieden &#038; Ein-heit Teil 2 Im FRIEDEN leben wir. Frieden KRIEGt man nicht. Im Krieg \u00fcberleben wir \u2013 vielleicht\u2026 Krieg ist Bedrohung, stets &amp; st\u00e4ndig.Krieg ist Trennung in Freund &amp; Feind.\u00a0Jetzt m\u00fcssen wir alle uns um jeden Preis gleich verhalten, um zu \u00fcberleben :mit allem sparsam umgehen (Licht, Lebensmittel, Benzin, [&hellip;]<\/p>","protected":false},"author":1,"featured_media":6367,"parent":0,"menu_order":0,"comment_status":"closed","ping_status":"closed","template":"elementor_theme","meta":{"jetpack_post_was_ever_published":false,"footnotes":""},"yoast_head":"<!-- This site is optimized with the Yoast SEO plugin v20.4 - https:\/\/yoast.com\/wordpress\/plugins\/seo\/ -->\n<title>Wie viel Vertrauen tr\u00e4gst Du in Dir? Bzw. wie viel Angst, die das verhindert ? -<\/title>\n<meta name=\"robots\" content=\"index, follow, max-snippet:-1, max-image-preview:large, max-video-preview:-1\" \/>\n<link rel=\"canonical\" href=\"https:\/\/ich-offen-sive.de\/fr\/wie-viel-vertrauen-traegst-du-in-dir-bzw-wie-viel-angst-die-das-verhindert\/\" \/>\n<meta property=\"og:locale\" content=\"fr_FR\" \/>\n<meta property=\"og:type\" content=\"article\" \/>\n<meta property=\"og:title\" content=\"Wie viel Vertrauen tr\u00e4gst Du in Dir? Bzw. wie viel Angst, die das verhindert ? -\" \/>\n<meta property=\"og:description\" content=\"Was bringt uns Menschen in Frieden &#038; Ein-heit Teil 2 Im FRIEDEN leben wir. Frieden KRIEGt man nicht. Im Krieg \u00fcberleben wir \u2013 vielleicht\u2026 Krieg ist Bedrohung, stets &amp; st\u00e4ndig.Krieg ist Trennung in Freund &amp; Feind.\u00a0Jetzt m\u00fcssen wir alle uns um jeden Preis gleich verhalten, um zu \u00fcberleben :mit allem sparsam umgehen (Licht, Lebensmittel, Benzin, [&hellip;]\" \/>\n<meta property=\"og:url\" content=\"https:\/\/ich-offen-sive.de\/fr\/wie-viel-vertrauen-traegst-du-in-dir-bzw-wie-viel-angst-die-das-verhindert\/\" \/>\n<meta property=\"article:modified_time\" content=\"2023-10-28T09:31:21+00:00\" \/>\n<meta property=\"og:image\" content=\"https:\/\/ich-offen-sive.de\/wp-content\/uploads\/Taube.jpg\" \/>\n\t<meta property=\"og:image:width\" content=\"1000\" \/>\n\t<meta property=\"og:image:height\" content=\"700\" \/>\n\t<meta property=\"og:image:type\" content=\"image\/jpeg\" \/>\n<meta name=\"twitter:card\" content=\"summary_large_image\" \/>\n<meta name=\"twitter:label1\" content=\"Dur\u00e9e de lecture estim\u00e9e\" \/>\n\t<meta name=\"twitter:data1\" content=\"4 minutes\" \/>\n<script type=\"application\/ld+json\" class=\"yoast-schema-graph\">{\"@context\":\"https:\/\/schema.org\",\"@graph\":[{\"@type\":\"WebPage\",\"@id\":\"https:\/\/ich-offen-sive.de\/wie-viel-vertrauen-traegst-du-in-dir-bzw-wie-viel-angst-die-das-verhindert\/\",\"url\":\"https:\/\/ich-offen-sive.de\/wie-viel-vertrauen-traegst-du-in-dir-bzw-wie-viel-angst-die-das-verhindert\/\",\"name\":\"Wie viel Vertrauen tr\u00e4gst Du in Dir? Bzw. wie viel Angst, die das verhindert ? -\",\"isPartOf\":{\"@id\":\"https:\/\/ich-offen-sive.de\/#website\"},\"datePublished\":\"2023-10-28T09:29:09+00:00\",\"dateModified\":\"2023-10-28T09:31:21+00:00\",\"breadcrumb\":{\"@id\":\"https:\/\/ich-offen-sive.de\/wie-viel-vertrauen-traegst-du-in-dir-bzw-wie-viel-angst-die-das-verhindert\/#breadcrumb\"},\"inLanguage\":\"fr-FR\",\"potentialAction\":[{\"@type\":\"ReadAction\",\"target\":[\"https:\/\/ich-offen-sive.de\/wie-viel-vertrauen-traegst-du-in-dir-bzw-wie-viel-angst-die-das-verhindert\/\"]}]},{\"@type\":\"BreadcrumbList\",\"@id\":\"https:\/\/ich-offen-sive.de\/wie-viel-vertrauen-traegst-du-in-dir-bzw-wie-viel-angst-die-das-verhindert\/#breadcrumb\",\"itemListElement\":[{\"@type\":\"ListItem\",\"position\":1,\"name\":\"Accueil\",\"item\":\"https:\/\/ich-offen-sive.de\/\"},{\"@type\":\"ListItem\",\"position\":2,\"name\":\"Wie viel Vertrauen tr\u00e4gst Du in Dir? Bzw. wie viel Angst, die das verhindert ?\"}]},{\"@type\":\"WebSite\",\"@id\":\"https:\/\/ich-offen-sive.de\/#website\",\"url\":\"https:\/\/ich-offen-sive.de\/\",\"name\":\"\",\"description\":\"Stark &amp; liebevoll beginnt bei DIR selbst\",\"potentialAction\":[{\"@type\":\"SearchAction\",\"target\":{\"@type\":\"EntryPoint\",\"urlTemplate\":\"https:\/\/ich-offen-sive.de\/?s={search_term_string}\"},\"query-input\":\"required name=search_term_string\"}],\"inLanguage\":\"fr-FR\"}]}<\/script>\n<!-- \/ Yoast SEO plugin. -->","yoast_head_json":{"title":"Wie viel Vertrauen tr\u00e4gst Du in Dir? Bzw. wie viel Angst, die das verhindert ? -","robots":{"index":"index","follow":"follow","max-snippet":"max-snippet:-1","max-image-preview":"max-image-preview:large","max-video-preview":"max-video-preview:-1"},"canonical":"https:\/\/ich-offen-sive.de\/fr\/wie-viel-vertrauen-traegst-du-in-dir-bzw-wie-viel-angst-die-das-verhindert\/","og_locale":"fr_FR","og_type":"article","og_title":"Wie viel Vertrauen tr\u00e4gst Du in Dir? Bzw. wie viel Angst, die das verhindert ? -","og_description":"Was bringt uns Menschen in Frieden &#038; Ein-heit Teil 2 Im FRIEDEN leben wir. Frieden KRIEGt man nicht. Im Krieg \u00fcberleben wir \u2013 vielleicht\u2026 Krieg ist Bedrohung, stets &amp; st\u00e4ndig.Krieg ist Trennung in Freund &amp; Feind.\u00a0Jetzt m\u00fcssen wir alle uns um jeden Preis gleich verhalten, um zu \u00fcberleben :mit allem sparsam umgehen (Licht, Lebensmittel, Benzin, [&hellip;]","og_url":"https:\/\/ich-offen-sive.de\/fr\/wie-viel-vertrauen-traegst-du-in-dir-bzw-wie-viel-angst-die-das-verhindert\/","article_modified_time":"2023-10-28T09:31:21+00:00","og_image":[{"width":1000,"height":700,"url":"https:\/\/ich-offen-sive.de\/wp-content\/uploads\/Taube.jpg","type":"image\/jpeg"}],"twitter_card":"summary_large_image","twitter_misc":{"Dur\u00e9e de lecture estim\u00e9e":"4 minutes"},"schema":{"@context":"https:\/\/schema.org","@graph":[{"@type":"WebPage","@id":"https:\/\/ich-offen-sive.de\/wie-viel-vertrauen-traegst-du-in-dir-bzw-wie-viel-angst-die-das-verhindert\/","url":"https:\/\/ich-offen-sive.de\/wie-viel-vertrauen-traegst-du-in-dir-bzw-wie-viel-angst-die-das-verhindert\/","name":"Wie viel Vertrauen tr\u00e4gst Du in Dir? Bzw. wie viel Angst, die das verhindert ? -","isPartOf":{"@id":"https:\/\/ich-offen-sive.de\/#website"},"datePublished":"2023-10-28T09:29:09+00:00","dateModified":"2023-10-28T09:31:21+00:00","breadcrumb":{"@id":"https:\/\/ich-offen-sive.de\/wie-viel-vertrauen-traegst-du-in-dir-bzw-wie-viel-angst-die-das-verhindert\/#breadcrumb"},"inLanguage":"fr-FR","potentialAction":[{"@type":"ReadAction","target":["https:\/\/ich-offen-sive.de\/wie-viel-vertrauen-traegst-du-in-dir-bzw-wie-viel-angst-die-das-verhindert\/"]}]},{"@type":"BreadcrumbList","@id":"https:\/\/ich-offen-sive.de\/wie-viel-vertrauen-traegst-du-in-dir-bzw-wie-viel-angst-die-das-verhindert\/#breadcrumb","itemListElement":[{"@type":"ListItem","position":1,"name":"Accueil","item":"https:\/\/ich-offen-sive.de\/"},{"@type":"ListItem","position":2,"name":"Wie viel Vertrauen tr\u00e4gst Du in Dir? Bzw. wie viel Angst, die das verhindert ?"}]},{"@type":"WebSite","@id":"https:\/\/ich-offen-sive.de\/#website","url":"https:\/\/ich-offen-sive.de\/","name":"","description":"Stark &amp; liebevoll beginnt bei DIR selbst","potentialAction":[{"@type":"SearchAction","target":{"@type":"EntryPoint","urlTemplate":"https:\/\/ich-offen-sive.de\/?s={search_term_string}"},"query-input":"required name=search_term_string"}],"inLanguage":"fr-FR"}]}},"jetpack_sharing_enabled":true,"jetpack_shortlink":"https:\/\/wp.me\/P804zd-1EF","_links":{"self":[{"href":"https:\/\/ich-offen-sive.de\/fr\/wp-json\/wp\/v2\/pages\/6365"}],"collection":[{"href":"https:\/\/ich-offen-sive.de\/fr\/wp-json\/wp\/v2\/pages"}],"about":[{"href":"https:\/\/ich-offen-sive.de\/fr\/wp-json\/wp\/v2\/types\/page"}],"author":[{"embeddable":true,"href":"https:\/\/ich-offen-sive.de\/fr\/wp-json\/wp\/v2\/users\/1"}],"replies":[{"embeddable":true,"href":"https:\/\/ich-offen-sive.de\/fr\/wp-json\/wp\/v2\/comments?post=6365"}],"version-history":[{"count":8,"href":"https:\/\/ich-offen-sive.de\/fr\/wp-json\/wp\/v2\/pages\/6365\/revisions"}],"predecessor-version":[{"id":6385,"href":"https:\/\/ich-offen-sive.de\/fr\/wp-json\/wp\/v2\/pages\/6365\/revisions\/6385"}],"wp:featuredmedia":[{"embeddable":true,"href":"https:\/\/ich-offen-sive.de\/fr\/wp-json\/wp\/v2\/media\/6367"}],"wp:attachment":[{"href":"https:\/\/ich-offen-sive.de\/fr\/wp-json\/wp\/v2\/media?parent=6365"}],"curies":[{"name":"wp","href":"https:\/\/api.w.org\/{rel}","templated":true}]}}