{"id":6151,"date":"2023-09-22T11:35:39","date_gmt":"2023-09-22T09:35:39","guid":{"rendered":"https:\/\/ich-offen-sive.de\/?page_id=6151"},"modified":"2023-09-22T11:38:35","modified_gmt":"2023-09-22T09:38:35","slug":"matrix","status":"publish","type":"page","link":"https:\/\/ich-offen-sive.de\/fr\/matrix\/","title":{"rendered":"Matrix"},"content":{"rendered":"<div data-elementor-type=\"wp-page\" data-elementor-id=\"6151\" class=\"elementor elementor-6151\">\n\t\t\t\t\t\t\t\t\t<section class=\"elementor-section elementor-top-section elementor-element elementor-element-2243a80 elementor-section-boxed elementor-section-height-default elementor-section-height-default\" data-id=\"2243a80\" data-element_type=\"section\">\n\t\t\t\t\t\t<div class=\"elementor-container elementor-column-gap-default\">\n\t\t\t\t\t<div class=\"elementor-column elementor-col-66 elementor-top-column elementor-element elementor-element-d533ec6\" data-id=\"d533ec6\" data-element_type=\"column\">\n\t\t\t<div class=\"elementor-widget-wrap elementor-element-populated\">\n\t\t\t\t\t\t\t\t<div class=\"elementor-element elementor-element-c38d3cc elementor-widget elementor-widget-image\" data-id=\"c38d3cc\" data-element_type=\"widget\" data-widget_type=\"image.default\">\n\t\t\t\t<div class=\"elementor-widget-container\">\n\t\t\t<style>\/*! elementor - v3.12.1 - 02-04-2023 *\/\n.elementor-widget-image{text-align:center}.elementor-widget-image a{display:inline-block}.elementor-widget-image a img[src$=\".svg\"]{width:48px}.elementor-widget-image img{vertical-align:middle;display:inline-block}<\/style>\t\t\t\t\t\t\t\t\t\t\t\t<img decoding=\"async\" loading=\"lazy\" width=\"1024\" height=\"682\" src=\"https:\/\/ich-offen-sive.de\/wp-content\/uploads\/people-3350545_1280-1024x682.jpg\" class=\"attachment-large size-large wp-image-6152\" alt=\"\" srcset=\"https:\/\/ich-offen-sive.de\/wp-content\/uploads\/people-3350545_1280-1024x682.jpg 1024w, https:\/\/ich-offen-sive.de\/wp-content\/uploads\/people-3350545_1280-300x200.jpg 300w, https:\/\/ich-offen-sive.de\/wp-content\/uploads\/people-3350545_1280-768x511.jpg 768w, https:\/\/ich-offen-sive.de\/wp-content\/uploads\/people-3350545_1280-18x12.jpg 18w, https:\/\/ich-offen-sive.de\/wp-content\/uploads\/people-3350545_1280-830x552.jpg 830w, https:\/\/ich-offen-sive.de\/wp-content\/uploads\/people-3350545_1280-230x153.jpg 230w, https:\/\/ich-offen-sive.de\/wp-content\/uploads\/people-3350545_1280-350x233.jpg 350w, https:\/\/ich-offen-sive.de\/wp-content\/uploads\/people-3350545_1280-480x320.jpg 480w, https:\/\/ich-offen-sive.de\/wp-content\/uploads\/people-3350545_1280-272x182.jpg 272w, https:\/\/ich-offen-sive.de\/wp-content\/uploads\/people-3350545_1280.jpg 1280w\" sizes=\"(max-width: 1024px) 100vw, 1024px\" \/>\t\t\t\t\t\t\t\t\t\t\t\t\t\t\t<\/div>\n\t\t\t\t<\/div>\n\t\t\t\t\t<\/div>\n\t\t<\/div>\n\t\t\t\t<div class=\"elementor-column elementor-col-33 elementor-top-column elementor-element elementor-element-ee4ca47\" data-id=\"ee4ca47\" data-element_type=\"column\">\n\t\t\t<div class=\"elementor-widget-wrap elementor-element-populated\">\n\t\t\t\t\t\t\t\t<div class=\"elementor-element elementor-element-d00ae0b elementor-widget elementor-widget-spacer\" data-id=\"d00ae0b\" data-element_type=\"widget\" data-widget_type=\"spacer.default\">\n\t\t\t\t<div class=\"elementor-widget-container\">\n\t\t\t<style>\/*! elementor - v3.12.1 - 02-04-2023 *\/\n.elementor-column .elementor-spacer-inner{height:var(--spacer-size)}.e-con{--container-widget-width:100%}.e-con-inner>.elementor-widget-spacer,.e-con>.elementor-widget-spacer{width:var(--container-widget-width,var(--spacer-size));--align-self:var(--container-widget-align-self,initial);--flex-shrink:0}.e-con-inner>.elementor-widget-spacer>.elementor-widget-container,.e-con-inner>.elementor-widget-spacer>.elementor-widget-container>.elementor-spacer,.e-con>.elementor-widget-spacer>.elementor-widget-container,.e-con>.elementor-widget-spacer>.elementor-widget-container>.elementor-spacer{height:100%}.e-con-inner>.elementor-widget-spacer>.elementor-widget-container>.elementor-spacer>.elementor-spacer-inner,.e-con>.elementor-widget-spacer>.elementor-widget-container>.elementor-spacer>.elementor-spacer-inner{height:var(--container-widget-height,var(--spacer-size))}<\/style>\t\t<div class=\"elementor-spacer\">\n\t\t\t<div class=\"elementor-spacer-inner\"><\/div>\n\t\t<\/div>\n\t\t\t\t<\/div>\n\t\t\t\t<\/div>\n\t\t\t\t<section class=\"elementor-section elementor-inner-section elementor-element elementor-element-bb57861 elementor-section-boxed elementor-section-height-default elementor-section-height-default\" data-id=\"bb57861\" data-element_type=\"section\">\n\t\t\t\t\t\t<div class=\"elementor-container elementor-column-gap-default\">\n\t\t\t\t\t<div class=\"elementor-column elementor-col-50 elementor-inner-column elementor-element elementor-element-9dcd070\" data-id=\"9dcd070\" data-element_type=\"column\">\n\t\t\t<div class=\"elementor-widget-wrap elementor-element-populated\">\n\t\t\t\t\t\t\t\t<div class=\"elementor-element elementor-element-21f7503 elementor-widget elementor-widget-image\" data-id=\"21f7503\" data-element_type=\"widget\" data-widget_type=\"image.default\">\n\t\t\t\t<div class=\"elementor-widget-container\">\n\t\t\t\t\t\t\t\t\t\t\t\t\t\t\t<img decoding=\"async\" loading=\"lazy\" width=\"1024\" height=\"1024\" src=\"https:\/\/ich-offen-sive.de\/wp-content\/uploads\/Flower_Icon-orange-1024x1024.png\" class=\"attachment-large size-large wp-image-1566\" alt=\"\" srcset=\"https:\/\/ich-offen-sive.de\/wp-content\/uploads\/Flower_Icon-orange-1024x1024.png 1024w, https:\/\/ich-offen-sive.de\/wp-content\/uploads\/Flower_Icon-orange-150x150.png 150w, https:\/\/ich-offen-sive.de\/wp-content\/uploads\/Flower_Icon-orange-300x300.png 300w, https:\/\/ich-offen-sive.de\/wp-content\/uploads\/Flower_Icon-orange-768x768.png 768w, https:\/\/ich-offen-sive.de\/wp-content\/uploads\/Flower_Icon-orange-64x64.png 64w, https:\/\/ich-offen-sive.de\/wp-content\/uploads\/Flower_Icon-orange-830x830.png 830w, https:\/\/ich-offen-sive.de\/wp-content\/uploads\/Flower_Icon-orange-230x230.png 230w, https:\/\/ich-offen-sive.de\/wp-content\/uploads\/Flower_Icon-orange-350x350.png 350w, https:\/\/ich-offen-sive.de\/wp-content\/uploads\/Flower_Icon-orange-480x480.png 480w\" sizes=\"(max-width: 1024px) 100vw, 1024px\" \/>\t\t\t\t\t\t\t\t\t\t\t\t\t\t\t<\/div>\n\t\t\t\t<\/div>\n\t\t\t\t\t<\/div>\n\t\t<\/div>\n\t\t\t\t<div class=\"elementor-column elementor-col-50 elementor-inner-column elementor-element elementor-element-b1bf2bc\" data-id=\"b1bf2bc\" data-element_type=\"column\">\n\t\t\t<div class=\"elementor-widget-wrap\">\n\t\t\t\t\t\t\t\t\t<\/div>\n\t\t<\/div>\n\t\t\t\t\t\t\t<\/div>\n\t\t<\/section>\n\t\t\t\t\t<\/div>\n\t\t<\/div>\n\t\t\t\t\t\t\t<\/div>\n\t\t<\/section>\n\t\t\t\t<section class=\"elementor-section elementor-top-section elementor-element elementor-element-69f0c6a elementor-section-boxed elementor-section-height-default elementor-section-height-default\" data-id=\"69f0c6a\" data-element_type=\"section\">\n\t\t\t\t\t\t<div class=\"elementor-container elementor-column-gap-default\">\n\t\t\t\t\t<div class=\"elementor-column elementor-col-100 elementor-top-column elementor-element elementor-element-7895574\" data-id=\"7895574\" data-element_type=\"column\">\n\t\t\t<div class=\"elementor-widget-wrap elementor-element-populated\">\n\t\t\t\t\t\t\t\t<div class=\"elementor-element elementor-element-183c1df elementor-widget elementor-widget-spacer\" data-id=\"183c1df\" data-element_type=\"widget\" data-widget_type=\"spacer.default\">\n\t\t\t\t<div class=\"elementor-widget-container\">\n\t\t\t\t\t<div class=\"elementor-spacer\">\n\t\t\t<div class=\"elementor-spacer-inner\"><\/div>\n\t\t<\/div>\n\t\t\t\t<\/div>\n\t\t\t\t<\/div>\n\t\t\t\t<div class=\"elementor-element elementor-element-be007be elementor-widget elementor-widget-heading\" data-id=\"be007be\" data-element_type=\"widget\" data-widget_type=\"heading.default\">\n\t\t\t\t<div class=\"elementor-widget-container\">\n\t\t\t<style>\/*! elementor - v3.12.1 - 02-04-2023 *\/\n.elementor-heading-title{padding:0;margin:0;line-height:1}.elementor-widget-heading .elementor-heading-title[class*=elementor-size-]>a{color:inherit;font-size:inherit;line-height:inherit}.elementor-widget-heading .elementor-heading-title.elementor-size-small{font-size:15px}.elementor-widget-heading .elementor-heading-title.elementor-size-medium{font-size:19px}.elementor-widget-heading .elementor-heading-title.elementor-size-large{font-size:29px}.elementor-widget-heading .elementor-heading-title.elementor-size-xl{font-size:39px}.elementor-widget-heading .elementor-heading-title.elementor-size-xxl{font-size:59px}<\/style><h2 class=\"elementor-heading-title elementor-size-default\">Willst Du wahrhaft gl\u00fccklich leben ?<\/h2>\t\t<\/div>\n\t\t\t\t<\/div>\n\t\t\t\t<div class=\"elementor-element elementor-element-dd61383 elementor-widget elementor-widget-text-editor\" data-id=\"dd61383\" data-element_type=\"widget\" data-widget_type=\"text-editor.default\">\n\t\t\t\t<div class=\"elementor-widget-container\">\n\t\t\t<style>\/*! elementor - v3.12.1 - 02-04-2023 *\/\n.elementor-widget-text-editor.elementor-drop-cap-view-stacked .elementor-drop-cap{background-color:#69727d;color:#fff}.elementor-widget-text-editor.elementor-drop-cap-view-framed .elementor-drop-cap{color:#69727d;border:3px solid;background-color:transparent}.elementor-widget-text-editor:not(.elementor-drop-cap-view-default) .elementor-drop-cap{margin-top:8px}.elementor-widget-text-editor:not(.elementor-drop-cap-view-default) .elementor-drop-cap-letter{width:1em;height:1em}.elementor-widget-text-editor .elementor-drop-cap{float:left;text-align:center;line-height:1;font-size:50px}.elementor-widget-text-editor .elementor-drop-cap-letter{display:inline-block}<\/style>\t\t\t\t<p><span style=\"color: #339966;\"><em><strong>M\u00f6chtest Du innerlich zur Ruhe kommen?<br \/>M\u00f6chtest Du wissen WER DU BIST ?<br \/>M\u00f6chtest Du FREI &amp; PUR &amp; HINGEGEBEN DEIN LEBEN genie\u00dfen ?<\/strong><\/em><\/span><\/p>\t\t\t\t\t\t<\/div>\n\t\t\t\t<\/div>\n\t\t\t\t\t<\/div>\n\t\t<\/div>\n\t\t\t\t\t\t\t<\/div>\n\t\t<\/section>\n\t\t\t\t<section class=\"elementor-section elementor-top-section elementor-element elementor-element-8ab10b8 elementor-section-boxed elementor-section-height-default elementor-section-height-default\" data-id=\"8ab10b8\" data-element_type=\"section\">\n\t\t\t\t\t\t<div class=\"elementor-container elementor-column-gap-default\">\n\t\t\t\t\t<div class=\"elementor-column elementor-col-100 elementor-top-column elementor-element elementor-element-4e03612\" data-id=\"4e03612\" data-element_type=\"column\">\n\t\t\t<div class=\"elementor-widget-wrap elementor-element-populated\">\n\t\t\t\t\t\t\t\t<div class=\"elementor-element elementor-element-5bbaee1 elementor-widget elementor-widget-spacer\" data-id=\"5bbaee1\" data-element_type=\"widget\" data-widget_type=\"spacer.default\">\n\t\t\t\t<div class=\"elementor-widget-container\">\n\t\t\t\t\t<div class=\"elementor-spacer\">\n\t\t\t<div class=\"elementor-spacer-inner\"><\/div>\n\t\t<\/div>\n\t\t\t\t<\/div>\n\t\t\t\t<\/div>\n\t\t\t\t<div class=\"elementor-element elementor-element-68f6f56 elementor-widget elementor-widget-text-editor\" data-id=\"68f6f56\" data-element_type=\"widget\" data-widget_type=\"text-editor.default\">\n\t\t\t\t<div class=\"elementor-widget-container\">\n\t\t\t\t\t\t\t<p><span style=\"color: #999999;\"><strong>Die Lebensfreude, einfach \u201eDas gerne leben\u201c, ist nicht da.<\/strong> <\/span><br \/><span style=\"color: #999999;\"><strong>Du vermisst es Dinge eher aus Freude zu tun als mit Druck, den Dir die Vernunft gebietet&#8230;<\/strong><\/span><\/p><p><span style=\"color: #999999;\"><strong>Du hast schon sooooo viel ausprobiert :<\/strong><\/span><br \/><span style=\"color: #999999;\"><strong>Familienaufstellung, Psychotherapie, Schwitzh\u00fctten, Ahnenheilung, Yinpower &#8230;<\/strong><\/span><\/p><h4><span style=\"color: #99cc00;\"><strong>Aber der Knoten will nicht platzen ?<\/strong><\/span><\/h4><p><span style=\"color: #999999;\"><strong>Alle diese Methoden sind wunderbar und tragen jedes Mal einen Stein von der Mauer ab, <\/strong><strong>die Dich von Deinem angstbefreiten freud- und liebevollen Ich trennt.<\/strong><\/span><\/p><p><strong>\u00a0<\/strong><\/p><p style=\"margin-bottom: .0001pt;\">Ich kenne einen Weg und mag Dich von Herzen gerne begleiten, um Dich <br \/><b>dauerhaft und unzerbr\u00fcchlich mit Deinem ganz eigenen wunderbaren SEINSKERN zu verbinden,<br \/>sodass Du aus dieser DEINER Quelle heraus lebst, f\u00fchlst und klare gute Entscheidungen triffst.<\/b><\/p><p><span style=\"color: #ffffff;\">.<\/span><\/p><p style=\"margin-bottom: .0001pt;\">Es ist mir ein tiefes Anliegen, auch Dich \u201efreizuschalten\u201c.<br \/>Auch Dich tats\u00e4chlich herauszul\u00f6sen aus der Abh\u00e4ngigkeit vom Au\u00dfen (\u00e4u\u00dferen Reaktionen, Bewertungen, Vorgaben und Konditionierungen), aus Deinen Traumata und dem \u201eGeschichtenwerk\u201c unserer zerst\u00f6rerischen Gesellschaft.<\/p><p><span style=\"color: #ffffff;\">.<\/span><\/p><p style=\"margin-bottom: .0001pt;\"><b>Um Dich GANZ ZU DIR zur\u00fcckzubringen \u2013 FREI &amp; PUR<\/b><\/p><p style=\"margin-bottom: .0001pt;\"><span style=\"color: #ffffff;\"><b>.<\/b><\/span><\/p><p style=\"margin-bottom: .0001pt;\">Zur\u00fcck ins \u201eParadies\u201c hier auf Erden \u2026<\/p><p style=\"margin-bottom: .0001pt;\"><span style=\"color: var( --e-global-color-text ); letter-spacing: 0.2px;\">Das klingt vielleicht sehr naiv, ist es aber \u00fcberhaupt nicht und es ist auch nicht unbedingt ein passiver Weg, <strong>sondern<\/strong> wird Dich herausfordern und es gleicht einer <strong>HELDENreise \u00fcber den Horizont hinaus<\/strong>&#8230;<\/span><\/p><p><span style=\"color: #ffffff;\">.<\/span><\/p><h4><span style=\"color: #99cc00;\"><strong>Bist Du bereit ?<\/strong><\/span><\/h4>\t\t\t\t\t\t<\/div>\n\t\t\t\t<\/div>\n\t\t\t\t\t<\/div>\n\t\t<\/div>\n\t\t\t\t\t\t\t<\/div>\n\t\t<\/section>\n\t\t\t\t<section class=\"elementor-section elementor-top-section elementor-element elementor-element-9182a36 elementor-section-boxed elementor-section-height-default elementor-section-height-default\" data-id=\"9182a36\" data-element_type=\"section\">\n\t\t\t\t\t\t<div class=\"elementor-container elementor-column-gap-default\">\n\t\t\t\t\t<div class=\"elementor-column elementor-col-100 elementor-top-column elementor-element elementor-element-de076e1\" data-id=\"de076e1\" data-element_type=\"column\">\n\t\t\t<div class=\"elementor-widget-wrap elementor-element-populated\">\n\t\t\t\t\t\t\t\t<div class=\"elementor-element elementor-element-de582bd elementor-widget elementor-widget-text-editor\" data-id=\"de582bd\" data-element_type=\"widget\" data-widget_type=\"text-editor.default\">\n\t\t\t\t<div class=\"elementor-widget-container\">\n\t\t\t\t\t\t\t<h6><span style=\"color: #808080;\">Lass&#8216; uns sprechen, lern\u2018 mich kennen.<\/span><\/h6><h3><a href=\"https:\/\/calendly.com\/kathrin-winkler\/raus-aus-der-matrix-kennelerngesprach\" target=\"_blank\" rel=\"noopener\">Buche ein kostenloses Kennenlerngespr\u00e4ch<\/a>\u00a0<\/h3>\t\t\t\t\t\t<\/div>\n\t\t\t\t<\/div>\n\t\t\t\t\t<\/div>\n\t\t<\/div>\n\t\t\t\t\t\t\t<\/div>\n\t\t<\/section>\n\t\t\t\t<section class=\"elementor-section elementor-top-section elementor-element elementor-element-84e32f8 elementor-section-boxed elementor-section-height-default elementor-section-height-default\" data-id=\"84e32f8\" data-element_type=\"section\">\n\t\t\t\t\t\t<div class=\"elementor-container elementor-column-gap-default\">\n\t\t\t\t\t<div class=\"elementor-column elementor-col-100 elementor-top-column elementor-element elementor-element-f1c70e5\" data-id=\"f1c70e5\" data-element_type=\"column\">\n\t\t\t<div class=\"elementor-widget-wrap elementor-element-populated\">\n\t\t\t\t\t\t\t\t<div class=\"elementor-element elementor-element-0edbf6e elementor-widget elementor-widget-text-editor\" data-id=\"0edbf6e\" data-element_type=\"widget\" data-widget_type=\"text-editor.default\">\n\t\t\t\t<div class=\"elementor-widget-container\">\n\t\t\t\t\t\t\t<h6><span style=\"color: #808080;\">Oder s<\/span><span style=\"color: #808080;\">chreib&#8216; mir\u00a0<\/span><span style=\"color: #808080;\">gerne unverbindlich eine Nachricht!<\/span><\/h6><p><img decoding=\"async\" loading=\"lazy\" class=\"wp-image-527\" src=\"http:\/\/ich-offen-sive.de\/wp-content\/uploads\/Flower-Icon-klein.png\" alt=\"Flower-Icon klein\" width=\"45\" height=\"45\" srcset=\"https:\/\/ich-offen-sive.de\/wp-content\/uploads\/Flower-Icon-klein.png 107w, https:\/\/ich-offen-sive.de\/wp-content\/uploads\/Flower-Icon-klein-64x64.png 64w\" sizes=\"(max-width: 45px) 100vw, 45px\" \/><\/p><p>\n<div class=\"wpcf7 no-js\" id=\"wpcf7-f134-o1\" lang=\"de-DE\" dir=\"ltr\">\n<div class=\"screen-reader-response\"><p role=\"status\" aria-live=\"polite\" aria-atomic=\"true\"><\/p> <ul><\/ul><\/div>\n<form action=\"\/fr\/wp-json\/wp\/v2\/pages\/6151#wpcf7-f134-o1\" method=\"post\" class=\"wpcf7-form init\" aria-label=\"Kontaktformular\" novalidate=\"novalidate\" data-status=\"init\" data-trp-original-action=\"\/fr\/wp-json\/wp\/v2\/pages\/6151#wpcf7-f134-o1\">\n<div style=\"display: none;\">\n<input type=\"hidden\" name=\"_wpcf7\" value=\"134\" \/>\n<input type=\"hidden\" name=\"_wpcf7_version\" value=\"5.7.5.1\" \/>\n<input type=\"hidden\" name=\"_wpcf7_locale\" value=\"de_DE\" \/>\n<input type=\"hidden\" name=\"_wpcf7_unit_tag\" value=\"wpcf7-f134-o1\" \/>\n<input type=\"hidden\" name=\"_wpcf7_container_post\" value=\"0\" \/>\n<input type=\"hidden\" name=\"_wpcf7_posted_data_hash\" value=\"\" \/>\n<\/div>\n<p><label> Dein Name (Pflichtfeld)<br \/>\n<span class=\"wpcf7-form-control-wrap\" data-name=\"your-name\"><input size=\"40\" class=\"wpcf7-form-control wpcf7-text wpcf7-validates-as-required\" aria-required=\"true\" aria-invalid=\"false\" value=\"\" type=\"text\" name=\"your-name\" \/><\/span> <\/label>\n<\/p>\n<p><label> Deine E-Mail-Adresse (Pflichtfeld)<br \/>\n<span class=\"wpcf7-form-control-wrap\" data-name=\"your-email\"><input size=\"40\" class=\"wpcf7-form-control wpcf7-text wpcf7-email wpcf7-validates-as-required wpcf7-validates-as-email\" aria-required=\"true\" aria-invalid=\"false\" value=\"\" type=\"email\" name=\"your-email\" \/><\/span> <\/label>\n<\/p>\n<p><label> Betreff<br \/>\n<span class=\"wpcf7-form-control-wrap\" data-name=\"your-subject\"><input size=\"40\" class=\"wpcf7-form-control wpcf7-text\" aria-invalid=\"false\" value=\"\" type=\"text\" name=\"your-subject\" \/><\/span> <\/label>\n<\/p>\n<p><label> Deine Nachricht<br \/>\n<span class=\"wpcf7-form-control-wrap\" data-name=\"your-message\"><textarea cols=\"40\" rows=\"10\" class=\"wpcf7-form-control wpcf7-textarea\" aria-invalid=\"false\" name=\"your-message\"><\/textarea><\/span> <\/label>\n<\/p>\n<p><input class=\"wpcf7-form-control has-spinner wpcf7-submit\" type=\"submit\" value=\"Envoyer\" \/>\n<\/p><div class=\"wpcf7-response-output\" aria-hidden=\"true\"><\/div>\n<input type=\"hidden\" name=\"trp-form-language\" value=\"fr\"\/><\/form>\n<\/div>\n<\/p><p><img decoding=\"async\" loading=\"lazy\" class=\"size-medium wp-image-516 alignleft\" src=\"http:\/\/ich-offen-sive.de\/wp-content\/uploads\/cocoon-591555_1280-300x287.jpg\" alt=\"cocoon-591555_1280\" width=\"300\" height=\"287\" srcset=\"https:\/\/ich-offen-sive.de\/wp-content\/uploads\/cocoon-591555_1280-300x287.jpg 300w, https:\/\/ich-offen-sive.de\/wp-content\/uploads\/cocoon-591555_1280-768x735.jpg 768w, https:\/\/ich-offen-sive.de\/wp-content\/uploads\/cocoon-591555_1280-830x794.jpg 830w, https:\/\/ich-offen-sive.de\/wp-content\/uploads\/cocoon-591555_1280-230x220.jpg 230w, https:\/\/ich-offen-sive.de\/wp-content\/uploads\/cocoon-591555_1280-350x335.jpg 350w, https:\/\/ich-offen-sive.de\/wp-content\/uploads\/cocoon-591555_1280-480x459.jpg 480w, https:\/\/ich-offen-sive.de\/wp-content\/uploads\/cocoon-591555_1280.jpg 852w\" sizes=\"(max-width: 300px) 100vw, 300px\" \/><\/p><p style=\"text-align: center;\">\u00a0 \u00a0 \u00a0 \u00a0 \u00a0 \u00a0 \u00a0 \u00a0 \u00a0 \u00a0 \u00a0 \u00a0 \u00a0 \u00a0 \u00a0 \u00a0\u00a0<\/p><p style=\"text-align: center;\">\u00a0<\/p><p style=\"text-align: center;\">\u00a0<\/p><p style=\"text-align: center;\">\u00a0<\/p><p style=\"text-align: center;\">\u00a0<\/p><p style=\"text-align: center;\">\u00a0<\/p><p style=\"text-align: center;\">\u00a0<\/p><p style=\"text-align: center;\"><img decoding=\"async\" loading=\"lazy\" class=\"wp-image-527 alignleft\" src=\"http:\/\/ich-offen-sive.de\/wp-content\/uploads\/Flower-Icon-klein.png\" alt=\"Flower-Icon klein\" width=\"45\" height=\"45\" srcset=\"https:\/\/ich-offen-sive.de\/wp-content\/uploads\/Flower-Icon-klein.png 107w, https:\/\/ich-offen-sive.de\/wp-content\/uploads\/Flower-Icon-klein-64x64.png 64w\" sizes=\"(max-width: 45px) 100vw, 45px\" \/><\/p>\t\t\t\t\t\t<\/div>\n\t\t\t\t<\/div>\n\t\t\t\t\t<\/div>\n\t\t<\/div>\n\t\t\t\t\t\t\t<\/div>\n\t\t<\/section>\n\t\t\t\t\t\t\t<\/div>","protected":false},"excerpt":{"rendered":"<p>Willst Du wahrhaft gl\u00fccklich leben ? M\u00f6chtest Du innerlich zur Ruhe kommen?M\u00f6chtest Du wissen WER DU BIST ?M\u00f6chtest Du FREI &amp; PUR &amp; HINGEGEBEN DEIN LEBEN genie\u00dfen ? Die Lebensfreude, einfach \u201eDas gerne leben\u201c, ist nicht da. Du vermisst es Dinge eher aus Freude zu tun als mit Druck, den Dir die Vernunft gebietet&#8230; Du [&hellip;]<\/p>","protected":false},"author":1,"featured_media":0,"parent":0,"menu_order":0,"comment_status":"closed","ping_status":"closed","template":"elementor_theme","meta":{"jetpack_post_was_ever_published":false,"footnotes":""},"yoast_head":"<!-- This site is optimized with the Yoast SEO plugin v20.4 - https:\/\/yoast.com\/wordpress\/plugins\/seo\/ -->\n<title>Matrix -<\/title>\n<meta name=\"robots\" content=\"index, follow, max-snippet:-1, max-image-preview:large, max-video-preview:-1\" \/>\n<link rel=\"canonical\" href=\"https:\/\/ich-offen-sive.de\/fr\/matrix\/\" \/>\n<meta property=\"og:locale\" content=\"fr_FR\" \/>\n<meta property=\"og:type\" content=\"article\" \/>\n<meta property=\"og:title\" content=\"Matrix -\" \/>\n<meta property=\"og:description\" content=\"Willst Du wahrhaft gl\u00fccklich leben ? M\u00f6chtest Du innerlich zur Ruhe kommen?M\u00f6chtest Du wissen WER DU BIST ?M\u00f6chtest Du FREI &amp; PUR &amp; HINGEGEBEN DEIN LEBEN genie\u00dfen ? Die Lebensfreude, einfach \u201eDas gerne leben\u201c, ist nicht da. Du vermisst es Dinge eher aus Freude zu tun als mit Druck, den Dir die Vernunft gebietet&#8230; Du [&hellip;]\" \/>\n<meta property=\"og:url\" content=\"https:\/\/ich-offen-sive.de\/fr\/matrix\/\" \/>\n<meta property=\"article:modified_time\" content=\"2023-09-22T09:38:35+00:00\" \/>\n<meta property=\"og:image\" content=\"https:\/\/ich-offen-sive.de\/wp-content\/uploads\/people-3350545_1280-1024x682.jpg\" \/>\n<meta name=\"twitter:card\" content=\"summary_large_image\" \/>\n<meta name=\"twitter:label1\" content=\"Dur\u00e9e de lecture estim\u00e9e\" \/>\n\t<meta name=\"twitter:data1\" content=\"1 minute\" \/>\n<script type=\"application\/ld+json\" class=\"yoast-schema-graph\">{\"@context\":\"https:\/\/schema.org\",\"@graph\":[{\"@type\":\"WebPage\",\"@id\":\"https:\/\/ich-offen-sive.de\/matrix\/\",\"url\":\"https:\/\/ich-offen-sive.de\/matrix\/\",\"name\":\"Matrix -\",\"isPartOf\":{\"@id\":\"https:\/\/ich-offen-sive.de\/#website\"},\"datePublished\":\"2023-09-22T09:35:39+00:00\",\"dateModified\":\"2023-09-22T09:38:35+00:00\",\"breadcrumb\":{\"@id\":\"https:\/\/ich-offen-sive.de\/matrix\/#breadcrumb\"},\"inLanguage\":\"fr-FR\",\"potentialAction\":[{\"@type\":\"ReadAction\",\"target\":[\"https:\/\/ich-offen-sive.de\/matrix\/\"]}]},{\"@type\":\"BreadcrumbList\",\"@id\":\"https:\/\/ich-offen-sive.de\/matrix\/#breadcrumb\",\"itemListElement\":[{\"@type\":\"ListItem\",\"position\":1,\"name\":\"Accueil\",\"item\":\"https:\/\/ich-offen-sive.de\/\"},{\"@type\":\"ListItem\",\"position\":2,\"name\":\"Matrix\"}]},{\"@type\":\"WebSite\",\"@id\":\"https:\/\/ich-offen-sive.de\/#website\",\"url\":\"https:\/\/ich-offen-sive.de\/\",\"name\":\"\",\"description\":\"Stark &amp; liebevoll beginnt bei DIR selbst\",\"potentialAction\":[{\"@type\":\"SearchAction\",\"target\":{\"@type\":\"EntryPoint\",\"urlTemplate\":\"https:\/\/ich-offen-sive.de\/?s={search_term_string}\"},\"query-input\":\"required name=search_term_string\"}],\"inLanguage\":\"fr-FR\"}]}<\/script>\n<!-- \/ Yoast SEO plugin. -->","yoast_head_json":{"title":"Matrix -","robots":{"index":"index","follow":"follow","max-snippet":"max-snippet:-1","max-image-preview":"max-image-preview:large","max-video-preview":"max-video-preview:-1"},"canonical":"https:\/\/ich-offen-sive.de\/fr\/matrix\/","og_locale":"fr_FR","og_type":"article","og_title":"Matrix -","og_description":"Willst Du wahrhaft gl\u00fccklich leben ? M\u00f6chtest Du innerlich zur Ruhe kommen?M\u00f6chtest Du wissen WER DU BIST ?M\u00f6chtest Du FREI &amp; PUR &amp; HINGEGEBEN DEIN LEBEN genie\u00dfen ? Die Lebensfreude, einfach \u201eDas gerne leben\u201c, ist nicht da. Du vermisst es Dinge eher aus Freude zu tun als mit Druck, den Dir die Vernunft gebietet&#8230; Du [&hellip;]","og_url":"https:\/\/ich-offen-sive.de\/fr\/matrix\/","article_modified_time":"2023-09-22T09:38:35+00:00","og_image":[{"url":"https:\/\/ich-offen-sive.de\/wp-content\/uploads\/people-3350545_1280-1024x682.jpg"}],"twitter_card":"summary_large_image","twitter_misc":{"Dur\u00e9e de lecture estim\u00e9e":"1 minute"},"schema":{"@context":"https:\/\/schema.org","@graph":[{"@type":"WebPage","@id":"https:\/\/ich-offen-sive.de\/matrix\/","url":"https:\/\/ich-offen-sive.de\/matrix\/","name":"Matrix -","isPartOf":{"@id":"https:\/\/ich-offen-sive.de\/#website"},"datePublished":"2023-09-22T09:35:39+00:00","dateModified":"2023-09-22T09:38:35+00:00","breadcrumb":{"@id":"https:\/\/ich-offen-sive.de\/matrix\/#breadcrumb"},"inLanguage":"fr-FR","potentialAction":[{"@type":"ReadAction","target":["https:\/\/ich-offen-sive.de\/matrix\/"]}]},{"@type":"BreadcrumbList","@id":"https:\/\/ich-offen-sive.de\/matrix\/#breadcrumb","itemListElement":[{"@type":"ListItem","position":1,"name":"Accueil","item":"https:\/\/ich-offen-sive.de\/"},{"@type":"ListItem","position":2,"name":"Matrix"}]},{"@type":"WebSite","@id":"https:\/\/ich-offen-sive.de\/#website","url":"https:\/\/ich-offen-sive.de\/","name":"","description":"Stark &amp; liebevoll beginnt bei DIR selbst","potentialAction":[{"@type":"SearchAction","target":{"@type":"EntryPoint","urlTemplate":"https:\/\/ich-offen-sive.de\/?s={search_term_string}"},"query-input":"required name=search_term_string"}],"inLanguage":"fr-FR"}]}},"jetpack_sharing_enabled":true,"jetpack_shortlink":"https:\/\/wp.me\/P804zd-1Bd","_links":{"self":[{"href":"https:\/\/ich-offen-sive.de\/fr\/wp-json\/wp\/v2\/pages\/6151"}],"collection":[{"href":"https:\/\/ich-offen-sive.de\/fr\/wp-json\/wp\/v2\/pages"}],"about":[{"href":"https:\/\/ich-offen-sive.de\/fr\/wp-json\/wp\/v2\/types\/page"}],"author":[{"embeddable":true,"href":"https:\/\/ich-offen-sive.de\/fr\/wp-json\/wp\/v2\/users\/1"}],"replies":[{"embeddable":true,"href":"https:\/\/ich-offen-sive.de\/fr\/wp-json\/wp\/v2\/comments?post=6151"}],"version-history":[{"count":10,"href":"https:\/\/ich-offen-sive.de\/fr\/wp-json\/wp\/v2\/pages\/6151\/revisions"}],"predecessor-version":[{"id":6169,"href":"https:\/\/ich-offen-sive.de\/fr\/wp-json\/wp\/v2\/pages\/6151\/revisions\/6169"}],"wp:attachment":[{"href":"https:\/\/ich-offen-sive.de\/fr\/wp-json\/wp\/v2\/media?parent=6151"}],"curies":[{"name":"wp","href":"https:\/\/api.w.org\/{rel}","templated":true}]}}