{"id":5249,"date":"2023-03-16T12:11:04","date_gmt":"2023-03-16T11:11:04","guid":{"rendered":"http:\/\/ich-offen-sive.de\/?page_id=5249"},"modified":"2025-01-06T14:01:47","modified_gmt":"2025-01-06T13:01:47","slug":"anmeldung-retreat-schwarzwald-2023","status":"publish","type":"page","link":"https:\/\/ich-offen-sive.de\/fr\/anmeldung-retreat-schwarzwald-2023\/","title":{"rendered":"Anmeldung retreat mit TOROA Schwarzwald 2023"},"content":{"rendered":"<div data-elementor-type=\"wp-page\" data-elementor-id=\"5249\" class=\"elementor elementor-5249\">\n\t\t\t\t\t\t\t\t\t<section class=\"elementor-section elementor-top-section elementor-element elementor-element-a8fa3f5 elementor-section-boxed elementor-section-height-default elementor-section-height-default\" data-id=\"a8fa3f5\" data-element_type=\"section\">\n\t\t\t\t\t\t<div class=\"elementor-container elementor-column-gap-default\">\n\t\t\t\t\t<div class=\"elementor-column elementor-col-100 elementor-top-column elementor-element elementor-element-c7ed05e\" data-id=\"c7ed05e\" data-element_type=\"column\">\n\t\t\t<div class=\"elementor-widget-wrap\">\n\t\t\t\t\t\t\t\t\t<\/div>\n\t\t<\/div>\n\t\t\t\t\t\t\t<\/div>\n\t\t<\/section>\n\t\t\t\t<section class=\"elementor-section elementor-top-section elementor-element elementor-element-0a6cddf elementor-section-boxed elementor-section-height-default elementor-section-height-default\" data-id=\"0a6cddf\" data-element_type=\"section\">\n\t\t\t\t\t\t<div class=\"elementor-container elementor-column-gap-default\">\n\t\t\t\t\t<div class=\"elementor-column elementor-col-33 elementor-top-column elementor-element elementor-element-0da25c1\" data-id=\"0da25c1\" data-element_type=\"column\">\n\t\t\t<div class=\"elementor-widget-wrap\">\n\t\t\t\t\t\t\t\t\t<\/div>\n\t\t<\/div>\n\t\t\t\t<div class=\"elementor-column elementor-col-33 elementor-top-column elementor-element elementor-element-2b5e345\" data-id=\"2b5e345\" data-element_type=\"column\">\n\t\t\t<div class=\"elementor-widget-wrap elementor-element-populated\">\n\t\t\t\t\t\t\t\t<div class=\"elementor-element elementor-element-c59e13c elementor-widget elementor-widget-image\" data-id=\"c59e13c\" data-element_type=\"widget\" data-widget_type=\"image.default\">\n\t\t\t\t<div class=\"elementor-widget-container\">\n\t\t\t<style>\/*! elementor - v3.12.1 - 02-04-2023 *\/\n.elementor-widget-image{text-align:center}.elementor-widget-image a{display:inline-block}.elementor-widget-image a img[src$=\".svg\"]{width:48px}.elementor-widget-image img{vertical-align:middle;display:inline-block}<\/style>\t\t\t\t\t\t\t\t\t\t\t\t<img decoding=\"async\" loading=\"lazy\" width=\"150\" height=\"150\" src=\"https:\/\/ich-offen-sive.de\/wp-content\/uploads\/Apanui_Wappen-150x150.jpg\" class=\"attachment-thumbnail size-thumbnail wp-image-4952\" alt=\"\" srcset=\"https:\/\/ich-offen-sive.de\/wp-content\/uploads\/Apanui_Wappen-150x150.jpg 150w, https:\/\/ich-offen-sive.de\/wp-content\/uploads\/Apanui_Wappen-64x64.jpg 64w, https:\/\/ich-offen-sive.de\/wp-content\/uploads\/elementor\/thumbs\/Apanui_Wappen-q3jr3yyh3kkttz70pbthm23hw06x9hcqc0sorb5vc8.jpg 100w, https:\/\/ich-offen-sive.de\/wp-content\/uploads\/elementor\/thumbs\/Apanui_Wappen-q3jr3yyhccc45ktrl3zq19v63h18ztzvidppzl9bcg.jpg 120w\" sizes=\"(max-width: 150px) 100vw, 150px\" \/>\t\t\t\t\t\t\t\t\t\t\t\t\t\t\t<\/div>\n\t\t\t\t<\/div>\n\t\t\t\t\t<\/div>\n\t\t<\/div>\n\t\t\t\t<div class=\"elementor-column elementor-col-33 elementor-top-column elementor-element elementor-element-3303ffb\" data-id=\"3303ffb\" data-element_type=\"column\">\n\t\t\t<div class=\"elementor-widget-wrap\">\n\t\t\t\t\t\t\t\t\t<\/div>\n\t\t<\/div>\n\t\t\t\t\t\t\t<\/div>\n\t\t<\/section>\n\t\t\t\t<section class=\"elementor-section elementor-top-section elementor-element elementor-element-109a073 elementor-section-boxed elementor-section-height-default elementor-section-height-default\" data-id=\"109a073\" data-element_type=\"section\">\n\t\t\t\t\t\t<div class=\"elementor-container elementor-column-gap-default\">\n\t\t\t\t\t<div class=\"elementor-column elementor-col-100 elementor-top-column elementor-element elementor-element-eea2928\" data-id=\"eea2928\" data-element_type=\"column\">\n\t\t\t<div class=\"elementor-widget-wrap elementor-element-populated\">\n\t\t\t\t\t\t\t\t<div class=\"elementor-element elementor-element-fe071b2 elementor-widget elementor-widget-text-editor\" data-id=\"fe071b2\" data-element_type=\"widget\" data-widget_type=\"text-editor.default\">\n\t\t\t\t<div class=\"elementor-widget-container\">\n\t\t\t<style>\/*! elementor - v3.12.1 - 02-04-2023 *\/\n.elementor-widget-text-editor.elementor-drop-cap-view-stacked .elementor-drop-cap{background-color:#69727d;color:#fff}.elementor-widget-text-editor.elementor-drop-cap-view-framed .elementor-drop-cap{color:#69727d;border:3px solid;background-color:transparent}.elementor-widget-text-editor:not(.elementor-drop-cap-view-default) .elementor-drop-cap{margin-top:8px}.elementor-widget-text-editor:not(.elementor-drop-cap-view-default) .elementor-drop-cap-letter{width:1em;height:1em}.elementor-widget-text-editor .elementor-drop-cap{float:left;text-align:center;line-height:1;font-size:50px}.elementor-widget-text-editor .elementor-drop-cap-letter{display:inline-block}<\/style>\t\t\t\t<h4><strong>Anmeldung<\/strong><\/h4>\n<h4><strong><span style=\"color: #087bab;\">retraite MONDES INVISIBLES <span style=\"color: #333333;\">avec<\/span> TOROA<\/span>&nbsp;en For\u00eat-Noire<\/strong><\/h4>\n<h2><span style=\"color: #468ca6;\"><strong>Pour TOUteS ceux qui sont v\u00e9ritablement ACTIFS<\/strong><\/span><\/h2>\n<h5>&nbsp;<\/h5>\n<h3><strong>3. bis 6. Oktober 2024&nbsp;<\/strong><\/h3>\n<h5><span style=\"color: #087bab;\"><strong>3 jours complets de retraite + une soir\u00e9e&nbsp; <em>meet&amp;greet<\/em> .<\/strong><\/span><\/h5>\n<p><\/p>\n<p><u>Une demande importante : <\/u><br>Merci d'indiquer ton <strong>nom<\/strong> et tes&nbsp;<strong>coordonn\u00e9es compl\u00e8tes<\/strong>&nbsp;afin que je puisse mieux traiter ton inscription et te contacter plus facilement.<br>Merci beaucoup pour ton respect,<\/p>\n<p>Kathrin<\/p>\n<p><span style=\"width: 16px; display: inline-flex; margin: 0px 1px; height: 16px; vertical-align: middle; font-family: 'Segoe UI Historic', 'Segoe UI', Helvetica, Arial, sans-serif; color: #050505; font-size: 15px; white-space-collapse: preserve;\"><img decoding=\"async\" loading=\"lazy\" style=\"border-width: 0px; border-style: initial;\" src=\"https:\/\/static.xx.fbcdn.net\/images\/emoji.php\/v9\/t6e\/1.5\/16\/1f49b.png\" alt=\"\ud83d\udc9b\" width=\"16\" height=\"16\"><\/span><span style=\"width: 16px; display: inline-flex; margin: 0px 1px; height: 16px; vertical-align: middle; font-family: 'Segoe UI Historic', 'Segoe UI', Helvetica, Arial, sans-serif; color: #050505; font-size: 15px; white-space-collapse: preserve;\"><img decoding=\"async\" loading=\"lazy\" style=\"border-width: 0px; border-style: initial;\" src=\"https:\/\/static.xx.fbcdn.net\/images\/emoji.php\/v9\/t6e\/1.5\/16\/1f49b.png\" alt=\"\ud83d\udc9b\" width=\"16\" height=\"16\"><\/span><span style=\"width: 16px; display: inline-flex; margin: 0px 1px; height: 16px; vertical-align: middle; font-family: 'Segoe UI Historic', 'Segoe UI', Helvetica, Arial, sans-serif; color: #050505; font-size: 15px; white-space-collapse: preserve;\"><img decoding=\"async\" loading=\"lazy\" style=\"border-width: 0px; border-style: initial;\" src=\"https:\/\/static.xx.fbcdn.net\/images\/emoji.php\/v9\/t6e\/1.5\/16\/1f49b.png\" alt=\"\ud83d\udc9b\" width=\"16\" height=\"16\"><\/span><span style=\"width: 16px; display: inline-flex; margin: 0px 1px; height: 16px; vertical-align: middle; font-family: 'Segoe UI Historic', 'Segoe UI', Helvetica, Arial, sans-serif; color: #050505; font-size: 15px; white-space-collapse: preserve;\"><img decoding=\"async\" loading=\"lazy\" style=\"border-width: 0px; border-style: initial;\" src=\"https:\/\/static.xx.fbcdn.net\/images\/emoji.php\/v9\/t26\/1.5\/16\/1fab6.png\" alt=\"\ud83e\udeb6\" width=\"16\" height=\"16\"><\/span><\/p>\n<p><span style=\"width: 16px; display: inline-flex; margin: 0px 1px; height: 16px; vertical-align: middle; font-family: 'Segoe UI Historic', 'Segoe UI', Helvetica, Arial, sans-serif; color: #050505; font-size: 15px; white-space-collapse: preserve;\">&nbsp;<\/span><\/p>\t\t\t\t\t\t<\/div>\n\t\t\t\t<\/div>\n\t\t\t\t<div class=\"elementor-element elementor-element-645ae33 elementor-widget elementor-widget-text-editor\" data-id=\"645ae33\" data-element_type=\"widget\" data-widget_type=\"text-editor.default\">\n\t\t\t\t<div class=\"elementor-widget-container\">\n\t\t\t\t\t\t\t<p>\n<div class=\"wpcf7 no-js\" id=\"wpcf7-f5673-o1\" lang=\"fr-FR\" dir=\"ltr\">\n<div class=\"screen-reader-response\"><p role=\"status\" aria-live=\"polite\" aria-atomic=\"true\"><\/p> <ul><\/ul><\/div>\n<form action=\"\/fr\/wp-json\/wp\/v2\/pages\/5249#wpcf7-f5673-o1\" method=\"post\" class=\"wpcf7-form init\" aria-label=\"Formulaire de contact\" novalidate=\"novalidate\" data-status=\"init\" data-trp-original-action=\"\/fr\/wp-json\/wp\/v2\/pages\/5249#wpcf7-f5673-o1\">\n<div style=\"display: none;\">\n<input type=\"hidden\" name=\"_wpcf7\" value=\"5673\" \/>\n<input type=\"hidden\" name=\"_wpcf7_version\" value=\"5.7.5.1\" \/>\n<input type=\"hidden\" name=\"_wpcf7_locale\" value=\"fr_FR\" \/>\n<input type=\"hidden\" name=\"_wpcf7_unit_tag\" value=\"wpcf7-f5673-o1\" \/>\n<input type=\"hidden\" name=\"_wpcf7_container_post\" value=\"0\" \/>\n<input type=\"hidden\" name=\"_wpcf7_posted_data_hash\" value=\"\" \/>\n<\/div>\n<p><label> Ton pr\u00e9nom ET ton nom<br \/>\n<span class=\"wpcf7-form-control-wrap\" data-name=\"your-name\"><input size=\"40\" class=\"wpcf7-form-control wpcf7-text wpcf7-validates-as-required\" aria-required=\"true\" aria-invalid=\"false\" value=\"\" type=\"text\" name=\"your-name\" \/><\/span> <\/label>\n<\/p>\n<p><label> adresse<br \/>\n<span class=\"wpcf7-form-control-wrap\" data-name=\"strasse\"><input size=\"40\" class=\"wpcf7-form-control wpcf7-text wpcf7-validates-as-required\" aria-required=\"true\" aria-invalid=\"false\" value=\"\" type=\"text\" name=\"strasse\" \/><\/span> <\/label>\n<\/p>\n<p><label> Code postal ET ville<br \/>\n<span class=\"wpcf7-form-control-wrap\" data-name=\"plz\"><input size=\"40\" class=\"wpcf7-form-control wpcf7-text wpcf7-validates-as-required\" aria-required=\"true\" aria-invalid=\"false\" value=\"\" type=\"text\" name=\"plz\" \/><\/span> <\/label>\n<\/p>\n<p><label> Pays<br \/>\n<span class=\"wpcf7-form-control-wrap\" data-name=\"land\"><input size=\"40\" class=\"wpcf7-form-control wpcf7-text wpcf7-validates-as-required\" aria-required=\"true\" aria-invalid=\"false\" value=\"\" type=\"text\" name=\"land\" \/><\/span> <\/label>\n<\/p>\n<p><label> Ton num\u00e9ro de t\u00e9l\u00e9phone<br \/>\n<span class=\"wpcf7-form-control-wrap\" data-name=\"Telephone\"><input size=\"40\" class=\"wpcf7-form-control wpcf7-text wpcf7-tel wpcf7-validates-as-required wpcf7-validates-as-tel\" aria-required=\"true\" aria-invalid=\"false\" value=\"\" type=\"tel\" name=\"Telephone\" \/><\/span> <\/label>\n<\/p>\n<p><label> Ton adresse e-mail<br \/>\n<span class=\"wpcf7-form-control-wrap\" data-name=\"your-email\"><input size=\"40\" class=\"wpcf7-form-control wpcf7-text wpcf7-email wpcf7-validates-as-required wpcf7-validates-as-email\" aria-required=\"true\" aria-invalid=\"false\" value=\"\" type=\"email\" name=\"your-email\" \/><\/span> <\/label>\n<\/p>\n<p><label> Ton message (facultatif)<br \/>\n<span class=\"wpcf7-form-control-wrap\" data-name=\"your-message\"><textarea cols=\"40\" rows=\"10\" class=\"wpcf7-form-control wpcf7-textarea\" aria-invalid=\"false\" name=\"your-message\"><\/textarea><\/span> <\/label>\n<\/p>\n<p><label> Restauration<br \/>\n<span class=\"wpcf7-form-control-wrap\" data-name=\"Verpflegung\"><select class=\"wpcf7-form-control wpcf7-select\" aria-invalid=\"false\" name=\"Verpflegung\"><option value=\"normal\">normal<\/option><option value=\"vegetarisch\">vegetarisch<\/option><option value=\"vegan\">vegan<\/option><option value=\"glutenfrei\">glutenfrei<\/option><\/select><\/span><br \/>\n_<br \/>\n<input class=\"wpcf7-form-control has-spinner wpcf7-submit\" type=\"submit\" value=\"Envoyer\" \/><\/label>\n<\/p><div class=\"wpcf7-response-output\" aria-hidden=\"true\"><\/div>\n<input type=\"hidden\" name=\"trp-form-language\" value=\"fr\"\/><\/form>\n<\/div>\n<\/p><p><strong>!!   MESSAGE IMPORTANT !!<\/strong><\/p><p>Tu recevras un e-mail de WordPress. Veuillez \u00e9galement v\u00e9rifier votre bo\u00eete de r\u00e9ception de spams.<\/p>\t\t\t\t\t\t<\/div>\n\t\t\t\t<\/div>\n\t\t\t\t\t<\/div>\n\t\t<\/div>\n\t\t\t\t\t\t\t<\/div>\n\t\t<\/section>\n\t\t\t\t\t\t\t<\/div>","protected":false},"excerpt":{"rendered":"<p>Anmeldung UNSEEN WORLD retreat mit TOROA&nbsp;im Schwarzwald F\u00fcr ALLE, die wahrhaft AKTIV WIRKEN &nbsp; 3. bis 6. Oktober 2024&nbsp; 3 volle Retreat-Tage&nbsp; + einen&nbsp; meet&amp;greet Abend Noch eine wichtige BITTE : Bitte trage Deinen vollst\u00e4ndigen Namen und Deine&nbsp;vollst\u00e4ndigen Kontaktdaten&nbsp;ein, damit ich Deine Anmeldung besser bearbeiten und leichter mit Dir in Kontakt treten kann. Herzlichen Dank [&hellip;]<\/p>","protected":false},"author":1,"featured_media":0,"parent":0,"menu_order":0,"comment_status":"closed","ping_status":"closed","template":"elementor_header_footer","meta":{"jetpack_post_was_ever_published":true,"footnotes":""},"yoast_head":"<!-- This site is optimized with the Yoast SEO plugin v20.4 - https:\/\/yoast.com\/wordpress\/plugins\/seo\/ -->\n<title>Anmeldung retreat mit TOROA Schwarzwald 2023 -<\/title>\n<meta name=\"robots\" content=\"index, follow, max-snippet:-1, max-image-preview:large, max-video-preview:-1\" \/>\n<link rel=\"canonical\" href=\"https:\/\/ich-offen-sive.de\/fr\/anmeldung-retreat-schwarzwald-2023\/\" \/>\n<meta property=\"og:locale\" content=\"fr_FR\" \/>\n<meta property=\"og:type\" content=\"article\" \/>\n<meta property=\"og:title\" content=\"Anmeldung retreat mit TOROA Schwarzwald 2023 -\" \/>\n<meta property=\"og:description\" content=\"Anmeldung UNSEEN WORLD retreat mit TOROA&nbsp;im Schwarzwald F\u00fcr ALLE, die wahrhaft AKTIV WIRKEN &nbsp; 3. bis 6. Oktober 2024&nbsp; 3 volle Retreat-Tage&nbsp; + einen&nbsp; meet&amp;greet Abend Noch eine wichtige BITTE : Bitte trage Deinen vollst\u00e4ndigen Namen und Deine&nbsp;vollst\u00e4ndigen Kontaktdaten&nbsp;ein, damit ich Deine Anmeldung besser bearbeiten und leichter mit Dir in Kontakt treten kann. Herzlichen Dank [&hellip;]\" \/>\n<meta property=\"og:url\" content=\"https:\/\/ich-offen-sive.de\/fr\/anmeldung-retreat-schwarzwald-2023\/\" \/>\n<meta property=\"article:modified_time\" content=\"2025-01-06T13:01:47+00:00\" \/>\n<meta property=\"og:image\" content=\"https:\/\/ich-offen-sive.de\/wp-content\/uploads\/Apanui_Wappen-150x150.jpg\" \/>\n<meta name=\"twitter:card\" content=\"summary_large_image\" \/>\n<meta name=\"twitter:label1\" content=\"Dur\u00e9e de lecture estim\u00e9e\" \/>\n\t<meta name=\"twitter:data1\" content=\"2 minutes\" \/>\n<script type=\"application\/ld+json\" class=\"yoast-schema-graph\">{\"@context\":\"https:\/\/schema.org\",\"@graph\":[{\"@type\":\"WebPage\",\"@id\":\"https:\/\/ich-offen-sive.de\/anmeldung-retreat-schwarzwald-2023\/\",\"url\":\"https:\/\/ich-offen-sive.de\/anmeldung-retreat-schwarzwald-2023\/\",\"name\":\"Anmeldung retreat mit TOROA Schwarzwald 2023 -\",\"isPartOf\":{\"@id\":\"https:\/\/ich-offen-sive.de\/#website\"},\"datePublished\":\"2023-03-16T11:11:04+00:00\",\"dateModified\":\"2025-01-06T13:01:47+00:00\",\"breadcrumb\":{\"@id\":\"https:\/\/ich-offen-sive.de\/anmeldung-retreat-schwarzwald-2023\/#breadcrumb\"},\"inLanguage\":\"fr-FR\",\"potentialAction\":[{\"@type\":\"ReadAction\",\"target\":[\"https:\/\/ich-offen-sive.de\/anmeldung-retreat-schwarzwald-2023\/\"]}]},{\"@type\":\"BreadcrumbList\",\"@id\":\"https:\/\/ich-offen-sive.de\/anmeldung-retreat-schwarzwald-2023\/#breadcrumb\",\"itemListElement\":[{\"@type\":\"ListItem\",\"position\":1,\"name\":\"Accueil\",\"item\":\"https:\/\/ich-offen-sive.de\/\"},{\"@type\":\"ListItem\",\"position\":2,\"name\":\"Anmeldung retreat mit TOROA Schwarzwald 2023\"}]},{\"@type\":\"WebSite\",\"@id\":\"https:\/\/ich-offen-sive.de\/#website\",\"url\":\"https:\/\/ich-offen-sive.de\/\",\"name\":\"\",\"description\":\"Stark &amp; liebevoll beginnt bei DIR selbst\",\"potentialAction\":[{\"@type\":\"SearchAction\",\"target\":{\"@type\":\"EntryPoint\",\"urlTemplate\":\"https:\/\/ich-offen-sive.de\/?s={search_term_string}\"},\"query-input\":\"required name=search_term_string\"}],\"inLanguage\":\"fr-FR\"}]}<\/script>\n<!-- \/ Yoast SEO plugin. -->","yoast_head_json":{"title":"Anmeldung retreat mit TOROA Schwarzwald 2023 -","robots":{"index":"index","follow":"follow","max-snippet":"max-snippet:-1","max-image-preview":"max-image-preview:large","max-video-preview":"max-video-preview:-1"},"canonical":"https:\/\/ich-offen-sive.de\/fr\/anmeldung-retreat-schwarzwald-2023\/","og_locale":"fr_FR","og_type":"article","og_title":"Anmeldung retreat mit TOROA Schwarzwald 2023 -","og_description":"Anmeldung UNSEEN WORLD retreat mit TOROA&nbsp;im Schwarzwald F\u00fcr ALLE, die wahrhaft AKTIV WIRKEN &nbsp; 3. bis 6. Oktober 2024&nbsp; 3 volle Retreat-Tage&nbsp; + einen&nbsp; meet&amp;greet Abend Noch eine wichtige BITTE : Bitte trage Deinen vollst\u00e4ndigen Namen und Deine&nbsp;vollst\u00e4ndigen Kontaktdaten&nbsp;ein, damit ich Deine Anmeldung besser bearbeiten und leichter mit Dir in Kontakt treten kann. Herzlichen Dank [&hellip;]","og_url":"https:\/\/ich-offen-sive.de\/fr\/anmeldung-retreat-schwarzwald-2023\/","article_modified_time":"2025-01-06T13:01:47+00:00","og_image":[{"url":"https:\/\/ich-offen-sive.de\/wp-content\/uploads\/Apanui_Wappen-150x150.jpg"}],"twitter_card":"summary_large_image","twitter_misc":{"Dur\u00e9e de lecture estim\u00e9e":"2 minutes"},"schema":{"@context":"https:\/\/schema.org","@graph":[{"@type":"WebPage","@id":"https:\/\/ich-offen-sive.de\/anmeldung-retreat-schwarzwald-2023\/","url":"https:\/\/ich-offen-sive.de\/anmeldung-retreat-schwarzwald-2023\/","name":"Anmeldung retreat mit TOROA Schwarzwald 2023 -","isPartOf":{"@id":"https:\/\/ich-offen-sive.de\/#website"},"datePublished":"2023-03-16T11:11:04+00:00","dateModified":"2025-01-06T13:01:47+00:00","breadcrumb":{"@id":"https:\/\/ich-offen-sive.de\/anmeldung-retreat-schwarzwald-2023\/#breadcrumb"},"inLanguage":"fr-FR","potentialAction":[{"@type":"ReadAction","target":["https:\/\/ich-offen-sive.de\/anmeldung-retreat-schwarzwald-2023\/"]}]},{"@type":"BreadcrumbList","@id":"https:\/\/ich-offen-sive.de\/anmeldung-retreat-schwarzwald-2023\/#breadcrumb","itemListElement":[{"@type":"ListItem","position":1,"name":"Accueil","item":"https:\/\/ich-offen-sive.de\/"},{"@type":"ListItem","position":2,"name":"Anmeldung retreat mit TOROA Schwarzwald 2023"}]},{"@type":"WebSite","@id":"https:\/\/ich-offen-sive.de\/#website","url":"https:\/\/ich-offen-sive.de\/","name":"","description":"Stark &amp; liebevoll beginnt bei DIR selbst","potentialAction":[{"@type":"SearchAction","target":{"@type":"EntryPoint","urlTemplate":"https:\/\/ich-offen-sive.de\/?s={search_term_string}"},"query-input":"required name=search_term_string"}],"inLanguage":"fr-FR"}]}},"jetpack_sharing_enabled":true,"jetpack_shortlink":"https:\/\/wp.me\/P804zd-1mF","_links":{"self":[{"href":"https:\/\/ich-offen-sive.de\/fr\/wp-json\/wp\/v2\/pages\/5249"}],"collection":[{"href":"https:\/\/ich-offen-sive.de\/fr\/wp-json\/wp\/v2\/pages"}],"about":[{"href":"https:\/\/ich-offen-sive.de\/fr\/wp-json\/wp\/v2\/types\/page"}],"author":[{"embeddable":true,"href":"https:\/\/ich-offen-sive.de\/fr\/wp-json\/wp\/v2\/users\/1"}],"replies":[{"embeddable":true,"href":"https:\/\/ich-offen-sive.de\/fr\/wp-json\/wp\/v2\/comments?post=5249"}],"version-history":[{"count":10,"href":"https:\/\/ich-offen-sive.de\/fr\/wp-json\/wp\/v2\/pages\/5249\/revisions"}],"predecessor-version":[{"id":6890,"href":"https:\/\/ich-offen-sive.de\/fr\/wp-json\/wp\/v2\/pages\/5249\/revisions\/6890"}],"wp:attachment":[{"href":"https:\/\/ich-offen-sive.de\/fr\/wp-json\/wp\/v2\/media?parent=5249"}],"curies":[{"name":"wp","href":"https:\/\/api.w.org\/{rel}","templated":true}]}}