{"id":4725,"date":"2023-03-05T12:17:35","date_gmt":"2023-03-05T11:17:35","guid":{"rendered":"http:\/\/ich-offen-sive.de\/?page_id=4725"},"modified":"2023-03-16T11:43:11","modified_gmt":"2023-03-16T10:43:11","slug":"inscription-semaine-avec-toroa-en-broceliande","status":"publish","type":"page","link":"https:\/\/ich-offen-sive.de\/fr\/inscription-semaine-avec-toroa-en-broceliande\/","title":{"rendered":"Inscription SEMAINE avec TOROA en Broc\u00e9liande"},"content":{"rendered":"<div data-elementor-type=\"wp-page\" data-elementor-id=\"4725\" class=\"elementor elementor-4725\">\n\t\t\t\t\t\t\t\t\t<section class=\"elementor-section elementor-top-section elementor-element elementor-element-9374f1a elementor-section-boxed elementor-section-height-default elementor-section-height-default\" data-id=\"9374f1a\" data-element_type=\"section\">\n\t\t\t\t\t\t<div class=\"elementor-container elementor-column-gap-default\">\n\t\t\t\t\t<div class=\"elementor-column elementor-col-100 elementor-top-column elementor-element elementor-element-03ad036\" data-id=\"03ad036\" data-element_type=\"column\">\n\t\t\t<div class=\"elementor-widget-wrap elementor-element-populated\">\n\t\t\t\t\t\t\t\t<div class=\"elementor-element elementor-element-bddaea5 elementor-widget elementor-widget-text-editor\" data-id=\"bddaea5\" data-element_type=\"widget\" data-widget_type=\"text-editor.default\">\n\t\t\t\t<div class=\"elementor-widget-container\">\n\t\t\t<style>\/*! elementor - v3.12.1 - 02-04-2023 *\/\n.elementor-widget-text-editor.elementor-drop-cap-view-stacked .elementor-drop-cap{background-color:#69727d;color:#fff}.elementor-widget-text-editor.elementor-drop-cap-view-framed .elementor-drop-cap{color:#69727d;border:3px solid;background-color:transparent}.elementor-widget-text-editor:not(.elementor-drop-cap-view-default) .elementor-drop-cap{margin-top:8px}.elementor-widget-text-editor:not(.elementor-drop-cap-view-default) .elementor-drop-cap-letter{width:1em;height:1em}.elementor-widget-text-editor .elementor-drop-cap{float:left;text-align:center;line-height:1;font-size:50px}.elementor-widget-text-editor .elementor-drop-cap-letter{display:inline-block}<\/style>\t\t\t\t<h3><strong>Inscription <span style=\"color: #008080;\">SEMAINE compl\u00e8te avec TOROA<\/span> en Broc\u00e9liande<\/strong><\/h3><h5><span style=\"color: #008080;\">deux stages de 2 jours complets + deux soir\u00e9e m<em>eet&amp;greet\u00a0 <\/em>\u00a0<strong>SCULPTURE &amp; HAKA<br \/><\/strong>retraite de 3 jours complets + une soir\u00e9e m<em>eet&amp;greet\u00a0 <\/em><strong>\u00a0Mondes Invisibles<\/strong><\/span><\/h5><h3><strong>9 au 18 Juin 2023\u00a0<\/strong><\/h3>\t\t\t\t\t\t<\/div>\n\t\t\t\t<\/div>\n\t\t\t\t\t<\/div>\n\t\t<\/div>\n\t\t\t\t\t\t\t<\/div>\n\t\t<\/section>\n\t\t\t\t<section class=\"elementor-section elementor-top-section elementor-element elementor-element-10a2897 elementor-section-boxed elementor-section-height-default elementor-section-height-default\" data-id=\"10a2897\" data-element_type=\"section\">\n\t\t\t\t\t\t<div class=\"elementor-container elementor-column-gap-default\">\n\t\t\t\t\t<div class=\"elementor-column elementor-col-33 elementor-top-column elementor-element elementor-element-54d8230\" data-id=\"54d8230\" data-element_type=\"column\">\n\t\t\t<div class=\"elementor-widget-wrap elementor-element-populated\">\n\t\t\t\t\t\t\t\t<div class=\"elementor-element elementor-element-2211e6c elementor-widget elementor-widget-image\" data-id=\"2211e6c\" data-element_type=\"widget\" data-widget_type=\"image.default\">\n\t\t\t\t<div class=\"elementor-widget-container\">\n\t\t\t<style>\/*! elementor - v3.12.1 - 02-04-2023 *\/\n.elementor-widget-image{text-align:center}.elementor-widget-image a{display:inline-block}.elementor-widget-image a img[src$=\".svg\"]{width:48px}.elementor-widget-image img{vertical-align:middle;display:inline-block}<\/style>\t\t\t\t\t\t\t\t\t\t\t\t<img decoding=\"async\" src=\"https:\/\/ich-offen-sive.de\/wp-content\/uploads\/elementor\/thumbs\/Apanui_Wappen-q3jr3yyhccc45ktrl3zq19v63h18ztzvidppzl9bcg.jpg\" title=\"Apanui_Wappen\" alt=\"Apanui_Wappen\" loading=\"lazy\" \/>\t\t\t\t\t\t\t\t\t\t\t\t\t\t\t<\/div>\n\t\t\t\t<\/div>\n\t\t\t\t\t<\/div>\n\t\t<\/div>\n\t\t\t\t<div class=\"elementor-column elementor-col-66 elementor-top-column elementor-element elementor-element-1062a4a\" data-id=\"1062a4a\" data-element_type=\"column\">\n\t\t\t<div class=\"elementor-widget-wrap\">\n\t\t\t\t\t\t\t\t\t<\/div>\n\t\t<\/div>\n\t\t\t\t\t\t\t<\/div>\n\t\t<\/section>\n\t\t\t\t<section class=\"elementor-section elementor-top-section elementor-element elementor-element-3b61fa5 elementor-section-boxed elementor-section-height-default elementor-section-height-default\" data-id=\"3b61fa5\" data-element_type=\"section\">\n\t\t\t\t\t\t<div class=\"elementor-container elementor-column-gap-default\">\n\t\t\t\t\t<div class=\"elementor-column elementor-col-100 elementor-top-column elementor-element elementor-element-972ec4b\" data-id=\"972ec4b\" data-element_type=\"column\">\n\t\t\t<div class=\"elementor-widget-wrap elementor-element-populated\">\n\t\t\t\t\t\t\t\t<div class=\"elementor-element elementor-element-c1ac967 elementor-widget elementor-widget-text-editor\" data-id=\"c1ac967\" data-element_type=\"widget\" data-widget_type=\"text-editor.default\">\n\t\t\t\t<div class=\"elementor-widget-container\">\n\t\t\t\t\t\t\t<p>\n<div class=\"wpcf7 no-js\" id=\"wpcf7-f4733-o1\" lang=\"fr-FR\" dir=\"ltr\">\n<div class=\"screen-reader-response\"><p role=\"status\" aria-live=\"polite\" aria-atomic=\"true\"><\/p> <ul><\/ul><\/div>\n<form action=\"\/fr\/wp-json\/wp\/v2\/pages\/4725#wpcf7-f4733-o1\" method=\"post\" class=\"wpcf7-form init\" aria-label=\"Formulaire de contact\" novalidate=\"novalidate\" data-status=\"init\" data-trp-original-action=\"\/fr\/wp-json\/wp\/v2\/pages\/4725#wpcf7-f4733-o1\">\n<div style=\"display: none;\">\n<input type=\"hidden\" name=\"_wpcf7\" value=\"4733\" \/>\n<input type=\"hidden\" name=\"_wpcf7_version\" value=\"5.7.5.1\" \/>\n<input type=\"hidden\" name=\"_wpcf7_locale\" value=\"fr_FR\" \/>\n<input type=\"hidden\" name=\"_wpcf7_unit_tag\" value=\"wpcf7-f4733-o1\" \/>\n<input type=\"hidden\" name=\"_wpcf7_container_post\" value=\"0\" \/>\n<input type=\"hidden\" name=\"_wpcf7_posted_data_hash\" value=\"\" \/>\n<\/div>\n<p><label> Votre nom<br \/>\n<span class=\"wpcf7-form-control-wrap\" data-name=\"your-name\"><input size=\"40\" class=\"wpcf7-form-control wpcf7-text wpcf7-validates-as-required\" aria-required=\"true\" aria-invalid=\"false\" value=\"\" type=\"text\" name=\"your-name\" \/><\/span> <\/label>\n<\/p>\n<p><label> Votre pr\u00e9nom<br \/>\n<span class=\"wpcf7-form-control-wrap\" data-name=\"your-name\"><input size=\"40\" class=\"wpcf7-form-control wpcf7-text wpcf7-validates-as-required\" aria-required=\"true\" aria-invalid=\"false\" value=\"\" type=\"text\" name=\"your-name\" \/><\/span> <\/label>\n<\/p>\n<p><label> Votre t\u00e9l\u00e9phone<br \/>\n<span class=\"wpcf7-form-control-wrap\" data-name=\"Telephone\"><input size=\"40\" class=\"wpcf7-form-control wpcf7-text wpcf7-tel wpcf7-validates-as-required wpcf7-validates-as-tel\" aria-required=\"true\" aria-invalid=\"false\" value=\"\" type=\"tel\" name=\"Telephone\" \/><\/span> <\/label>\n<\/p>\n<p><label> Votre e-mail<br \/>\n<span class=\"wpcf7-form-control-wrap\" data-name=\"your-email\"><input size=\"40\" class=\"wpcf7-form-control wpcf7-text wpcf7-email wpcf7-validates-as-required wpcf7-validates-as-email\" aria-required=\"true\" aria-invalid=\"false\" value=\"\" type=\"email\" name=\"your-email\" \/><\/span> <\/label>\n<\/p>\n<p><label> Votre message (facultatif)<br \/>\n<span class=\"wpcf7-form-control-wrap\" data-name=\"your-message\"><textarea cols=\"40\" rows=\"10\" class=\"wpcf7-form-control wpcf7-textarea\" aria-invalid=\"false\" name=\"your-message\"><\/textarea><\/span> <\/label>\n<\/p>\n<p><input class=\"wpcf7-form-control has-spinner wpcf7-submit\" type=\"submit\" value=\"Envoyer\" \/>\n<\/p><div class=\"wpcf7-response-output\" aria-hidden=\"true\"><\/div>\n<input type=\"hidden\" name=\"trp-form-language\" value=\"fr\"\/><\/form>\n<\/div>\n<\/p><p><strong>!!\u00a0 \u00a0NOTE IMPORTANTE\u00a0 \u00a0!!<\/strong><\/p><p>Stp\/svp, ne t&#8217;\u00e9tonne\/vous \u00e9tonnez pas de recevoir un <strong>e-mail de WordPress <\/strong>et v\u00e9rifie\/z \u00e9galement\u00a0 aussi le spam.<\/p>\t\t\t\t\t\t<\/div>\n\t\t\t\t<\/div>\n\t\t\t\t\t<\/div>\n\t\t<\/div>\n\t\t\t\t\t\t\t<\/div>\n\t\t<\/section>\n\t\t\t\t\t\t\t<\/div>","protected":false},"excerpt":{"rendered":"<p>Inscription SEMAINE compl\u00e8te avec TOROA en Broc\u00e9liande deux stages de 2 jours complets + deux soir\u00e9e meet&amp;greet\u00a0 \u00a0SCULPTURE &amp; HAKAretraite de 3 jours complets + une soir\u00e9e meet&amp;greet\u00a0 \u00a0UNSEEN WORLD 9 au 18 Juin 2023\u00a0 !!\u00a0 \u00a0NOTE IMPORTANTE\u00a0 \u00a0!! Stp\/svp, ne t&#8217;\u00e9tonne\/vous \u00e9tonnez pas de recevoir un e-mail de WordPress et v\u00e9rifie\/z \u00e9galement\u00a0 aussi le [&hellip;]<\/p>","protected":false},"author":1,"featured_media":0,"parent":0,"menu_order":0,"comment_status":"closed","ping_status":"closed","template":"elementor_header_footer","meta":{"jetpack_post_was_ever_published":false,"footnotes":""},"yoast_head":"<!-- This site is optimized with the Yoast SEO plugin v20.4 - https:\/\/yoast.com\/wordpress\/plugins\/seo\/ -->\n<title>Inscription SEMAINE avec TOROA en Broc\u00e9liande -<\/title>\n<meta name=\"robots\" content=\"index, follow, max-snippet:-1, max-image-preview:large, max-video-preview:-1\" \/>\n<link rel=\"canonical\" href=\"https:\/\/ich-offen-sive.de\/fr\/inscription-semaine-avec-toroa-en-broceliande\/\" \/>\n<meta property=\"og:locale\" content=\"fr_FR\" \/>\n<meta property=\"og:type\" content=\"article\" \/>\n<meta property=\"og:title\" content=\"Inscription SEMAINE avec TOROA en Broc\u00e9liande -\" \/>\n<meta property=\"og:description\" content=\"Inscription SEMAINE compl\u00e8te avec TOROA en Broc\u00e9liande deux stages de 2 jours complets + deux soir\u00e9e meet&amp;greet\u00a0 \u00a0SCULPTURE &amp; HAKAretraite de 3 jours complets + une soir\u00e9e meet&amp;greet\u00a0 \u00a0UNSEEN WORLD 9 au 18 Juin 2023\u00a0 !!\u00a0 \u00a0NOTE IMPORTANTE\u00a0 \u00a0!! Stp\/svp, ne t&#8217;\u00e9tonne\/vous \u00e9tonnez pas de recevoir un e-mail de WordPress et v\u00e9rifie\/z \u00e9galement\u00a0 aussi le [&hellip;]\" \/>\n<meta property=\"og:url\" content=\"https:\/\/ich-offen-sive.de\/fr\/inscription-semaine-avec-toroa-en-broceliande\/\" \/>\n<meta property=\"article:modified_time\" content=\"2023-03-16T10:43:11+00:00\" \/>\n<meta property=\"og:image\" content=\"http:\/\/ich-offen-sive.de\/wp-content\/uploads\/elementor\/thumbs\/Apanui_Wappen-q3jr3yyhccc45ktrl3zq19v63h18ztzvidppzl9bcg.jpg\" \/>\n<meta name=\"twitter:card\" content=\"summary_large_image\" \/>\n<meta name=\"twitter:label1\" content=\"Dur\u00e9e de lecture estim\u00e9e\" \/>\n\t<meta name=\"twitter:data1\" content=\"1 minute\" \/>\n<script type=\"application\/ld+json\" class=\"yoast-schema-graph\">{\"@context\":\"https:\/\/schema.org\",\"@graph\":[{\"@type\":\"WebPage\",\"@id\":\"https:\/\/ich-offen-sive.de\/inscription-semaine-avec-toroa-en-broceliande\/\",\"url\":\"https:\/\/ich-offen-sive.de\/inscription-semaine-avec-toroa-en-broceliande\/\",\"name\":\"Inscription SEMAINE avec TOROA en Broc\u00e9liande -\",\"isPartOf\":{\"@id\":\"https:\/\/ich-offen-sive.de\/#website\"},\"datePublished\":\"2023-03-05T11:17:35+00:00\",\"dateModified\":\"2023-03-16T10:43:11+00:00\",\"breadcrumb\":{\"@id\":\"https:\/\/ich-offen-sive.de\/inscription-semaine-avec-toroa-en-broceliande\/#breadcrumb\"},\"inLanguage\":\"fr-FR\",\"potentialAction\":[{\"@type\":\"ReadAction\",\"target\":[\"https:\/\/ich-offen-sive.de\/inscription-semaine-avec-toroa-en-broceliande\/\"]}]},{\"@type\":\"BreadcrumbList\",\"@id\":\"https:\/\/ich-offen-sive.de\/inscription-semaine-avec-toroa-en-broceliande\/#breadcrumb\",\"itemListElement\":[{\"@type\":\"ListItem\",\"position\":1,\"name\":\"Accueil\",\"item\":\"https:\/\/ich-offen-sive.de\/\"},{\"@type\":\"ListItem\",\"position\":2,\"name\":\"Inscription SEMAINE avec TOROA en Broc\u00e9liande\"}]},{\"@type\":\"WebSite\",\"@id\":\"https:\/\/ich-offen-sive.de\/#website\",\"url\":\"https:\/\/ich-offen-sive.de\/\",\"name\":\"\",\"description\":\"Stark &amp; liebevoll beginnt bei DIR selbst\",\"potentialAction\":[{\"@type\":\"SearchAction\",\"target\":{\"@type\":\"EntryPoint\",\"urlTemplate\":\"https:\/\/ich-offen-sive.de\/?s={search_term_string}\"},\"query-input\":\"required name=search_term_string\"}],\"inLanguage\":\"fr-FR\"}]}<\/script>\n<!-- \/ Yoast SEO plugin. -->","yoast_head_json":{"title":"Inscription SEMAINE avec TOROA en Broc\u00e9liande -","robots":{"index":"index","follow":"follow","max-snippet":"max-snippet:-1","max-image-preview":"max-image-preview:large","max-video-preview":"max-video-preview:-1"},"canonical":"https:\/\/ich-offen-sive.de\/fr\/inscription-semaine-avec-toroa-en-broceliande\/","og_locale":"fr_FR","og_type":"article","og_title":"Inscription SEMAINE avec TOROA en Broc\u00e9liande -","og_description":"Inscription SEMAINE compl\u00e8te avec TOROA en Broc\u00e9liande deux stages de 2 jours complets + deux soir\u00e9e meet&amp;greet\u00a0 \u00a0SCULPTURE &amp; HAKAretraite de 3 jours complets + une soir\u00e9e meet&amp;greet\u00a0 \u00a0UNSEEN WORLD 9 au 18 Juin 2023\u00a0 !!\u00a0 \u00a0NOTE IMPORTANTE\u00a0 \u00a0!! Stp\/svp, ne t&#8217;\u00e9tonne\/vous \u00e9tonnez pas de recevoir un e-mail de WordPress et v\u00e9rifie\/z \u00e9galement\u00a0 aussi le [&hellip;]","og_url":"https:\/\/ich-offen-sive.de\/fr\/inscription-semaine-avec-toroa-en-broceliande\/","article_modified_time":"2023-03-16T10:43:11+00:00","og_image":[{"url":"http:\/\/ich-offen-sive.de\/wp-content\/uploads\/elementor\/thumbs\/Apanui_Wappen-q3jr3yyhccc45ktrl3zq19v63h18ztzvidppzl9bcg.jpg"}],"twitter_card":"summary_large_image","twitter_misc":{"Dur\u00e9e de lecture estim\u00e9e":"1 minute"},"schema":{"@context":"https:\/\/schema.org","@graph":[{"@type":"WebPage","@id":"https:\/\/ich-offen-sive.de\/inscription-semaine-avec-toroa-en-broceliande\/","url":"https:\/\/ich-offen-sive.de\/inscription-semaine-avec-toroa-en-broceliande\/","name":"Inscription SEMAINE avec TOROA en Broc\u00e9liande -","isPartOf":{"@id":"https:\/\/ich-offen-sive.de\/#website"},"datePublished":"2023-03-05T11:17:35+00:00","dateModified":"2023-03-16T10:43:11+00:00","breadcrumb":{"@id":"https:\/\/ich-offen-sive.de\/inscription-semaine-avec-toroa-en-broceliande\/#breadcrumb"},"inLanguage":"fr-FR","potentialAction":[{"@type":"ReadAction","target":["https:\/\/ich-offen-sive.de\/inscription-semaine-avec-toroa-en-broceliande\/"]}]},{"@type":"BreadcrumbList","@id":"https:\/\/ich-offen-sive.de\/inscription-semaine-avec-toroa-en-broceliande\/#breadcrumb","itemListElement":[{"@type":"ListItem","position":1,"name":"Accueil","item":"https:\/\/ich-offen-sive.de\/"},{"@type":"ListItem","position":2,"name":"Inscription SEMAINE avec TOROA en Broc\u00e9liande"}]},{"@type":"WebSite","@id":"https:\/\/ich-offen-sive.de\/#website","url":"https:\/\/ich-offen-sive.de\/","name":"","description":"Stark &amp; liebevoll beginnt bei DIR selbst","potentialAction":[{"@type":"SearchAction","target":{"@type":"EntryPoint","urlTemplate":"https:\/\/ich-offen-sive.de\/?s={search_term_string}"},"query-input":"required name=search_term_string"}],"inLanguage":"fr-FR"}]}},"jetpack_sharing_enabled":true,"jetpack_shortlink":"https:\/\/wp.me\/P804zd-1ed","_links":{"self":[{"href":"https:\/\/ich-offen-sive.de\/fr\/wp-json\/wp\/v2\/pages\/4725"}],"collection":[{"href":"https:\/\/ich-offen-sive.de\/fr\/wp-json\/wp\/v2\/pages"}],"about":[{"href":"https:\/\/ich-offen-sive.de\/fr\/wp-json\/wp\/v2\/types\/page"}],"author":[{"embeddable":true,"href":"https:\/\/ich-offen-sive.de\/fr\/wp-json\/wp\/v2\/users\/1"}],"replies":[{"embeddable":true,"href":"https:\/\/ich-offen-sive.de\/fr\/wp-json\/wp\/v2\/comments?post=4725"}],"version-history":[{"count":10,"href":"https:\/\/ich-offen-sive.de\/fr\/wp-json\/wp\/v2\/pages\/4725\/revisions"}],"predecessor-version":[{"id":5235,"href":"https:\/\/ich-offen-sive.de\/fr\/wp-json\/wp\/v2\/pages\/4725\/revisions\/5235"}],"wp:attachment":[{"href":"https:\/\/ich-offen-sive.de\/fr\/wp-json\/wp\/v2\/media?parent=4725"}],"curies":[{"name":"wp","href":"https:\/\/api.w.org\/{rel}","templated":true}]}}