{"id":4,"date":"2016-10-13T15:10:44","date_gmt":"2016-10-13T13:10:44","guid":{"rendered":"http:\/\/ich-offen-sive.de\/?page_id=4"},"modified":"2022-10-25T14:30:30","modified_gmt":"2022-10-25T12:30:30","slug":"4-2","status":"publish","type":"page","link":"https:\/\/ich-offen-sive.de\/fr\/","title":{"rendered":""},"content":{"rendered":"<h2><img decoding=\"async\" loading=\"lazy\" class=\"size-medium wp-image-485 alignleft\" src=\"http:\/\/ich-offen-sive.de\/wp-content\/uploads\/flower-center-1447442__340-1-222x300.jpg\" alt=\"flower-center-1447442__340\" width=\"222\" height=\"300\" srcset=\"https:\/\/ich-offen-sive.de\/wp-content\/uploads\/flower-center-1447442__340-1-222x300.jpg 222w, https:\/\/ich-offen-sive.de\/wp-content\/uploads\/flower-center-1447442__340-1-230x310.jpg 230w, https:\/\/ich-offen-sive.de\/wp-content\/uploads\/flower-center-1447442__340-1.jpg 252w\" sizes=\"(max-width: 222px) 100vw, 222px\" \/><\/h2>\n<h2><span style=\"color: #ffffff;\">.<\/span><\/h2>\n<h3>\u00a0<\/h3>\n<h3>\u00a0<\/h3>\n<h3>\u00a0<\/h3>\n<h3><span style=\"color: #ff9900;\"><span style=\"color: #ffcc99;\">Salut - c'est bien que tu sois l\u00e0<\/span>\u00a0<span style=\"color: #800000;\">\u2665<\/span><\/span><\/h3>\n<p>\u00a0<\/p>\n<p><span style=\"color: #808080;\">C'est ici que na\u00eet<\/span><\/p>\n<h2><span style=\"color: #ffcc00;\">J'OUVERTure<\/span><\/h2>\n<h4 style=\"padding-left: 210px;\"><span style=\"color: #ffcc00;\">fortE &amp; aimantE commence en soi-m\u00eame\u00a0<\/span><!--more--><\/h4>\n<p>\u00a0<\/p>\n<p><span style=\"color: #808080;\">Se mettre au centre demande toujours un certain courage.<\/span><\/p>\n<p><span style=\"color: #808080;\">Mais je suis convaincue que je ne peux devenir la \"belle\" personne ouverte qui est en moi depuis toujours (en germe) que si je reconnais, aime et vis ce centre de mani\u00e8re autonome.\u00a0<\/span><\/p>\n<p>\u00a0<\/p>\n<p><span style=\"color: #808080;\">Je veux <strong>trouver la force et la puissance<\/strong> en moi !\u00a0 \u00a0<\/span><span style=\"color: #808080;\">Parce que : <\/span><\/p>\n<p><span style=\"color: #808080;\">- je veux \u00eatre immunis\u00e9 contre le sentiment de sacrifice et de manque et je veux mettre fin \u00e0 toutes ces luttes de pouvoir malheureuses dans ma vie !<\/span><\/p>\n<p>- je veux que ma vie soit heureuse, pour mon bien et pour le bien de tous !<\/p>\n<p>- je souhaite rencontrer mes semblables avec un c\u0153ur sinc\u00e8re, avec OUVERTure d'esprit, attention et amour !<\/p>\n<p>- je veux avoir la force et l'\u00e9nergie d'am\u00e9liorer ce monde en plus de mes d\u00e9fis personnels !<\/p>\n<p><strong><span style=\"color: #ffcc99;\">Je veux \u00eatre une corde sur laquelle la vie joue un de ses plus beaux airs !<\/span><\/strong><\/p>\n<p>\u00a0<\/p>\n<p><img decoding=\"async\" loading=\"lazy\" class=\"size-medium wp-image-2383 alignright\" src=\"http:\/\/ich-offen-sive.de\/wp-content\/uploads\/20180703_195809-1-148x300.jpg\" alt=\"20180703_195809\" width=\"148\" height=\"300\" srcset=\"https:\/\/ich-offen-sive.de\/wp-content\/uploads\/20180703_195809-1-148x300.jpg 148w, https:\/\/ich-offen-sive.de\/wp-content\/uploads\/20180703_195809-1-230x467.jpg 230w, https:\/\/ich-offen-sive.de\/wp-content\/uploads\/20180703_195809-1-350x711.jpg 350w, https:\/\/ich-offen-sive.de\/wp-content\/uploads\/20180703_195809-1.jpg 433w\" sizes=\"(max-width: 148px) 100vw, 148px\" \/><\/p>\n<p>\u00a0<\/p>\n<p><strong>J'aimerais partager avec toi mes exp\u00e9riences, mes id\u00e9es, mes r\u00e9flexions et mes anecdotes sur tout cela.<\/strong><\/p>\n<p><strong>Car : <span style=\"color: #ffcc00;\">LA VOIE R\u00c9USSIE passe par le MOI.<\/span>\u00a0<\/strong><\/p>\n<p>D'o\u00f9 la J'OUVERTure<\/p>\n<p>\u00a0<\/p>\n<p>\u00a0<\/p>\n<p>.<\/p>\n<p>.<\/p>\n<p>.<\/p>\n<p>.<\/p>\n<p>.<\/p>\n<p>Vielleicht m\u00f6chtest Du in mein <strong>eBook <\/strong><\/p>\n<p><strong><span style=\"color: #ffcc00;\">AUTHENTISCH F\u00dcHLEN\u00a0<em>\u00dcberleben mit Leichtigkeit in einer oberfl\u00e4chlichen Welt<\/em><\/span><\/strong><\/p>\n\n\n<div class=\"wp-block-image\"><figure class=\"alignleft size-full is-resized\"><img decoding=\"async\" loading=\"lazy\" src=\"http:\/\/ich-offen-sive.de\/wp-content\/uploads\/eBook_Frontansicht_c.png\" alt=\"\" class=\"wp-image-4406\" width=\"244\" height=\"341\" srcset=\"https:\/\/ich-offen-sive.de\/wp-content\/uploads\/eBook_Frontansicht_c.png 581w, https:\/\/ich-offen-sive.de\/wp-content\/uploads\/eBook_Frontansicht_c-214x300.png 214w, https:\/\/ich-offen-sive.de\/wp-content\/uploads\/eBook_Frontansicht_c-9x12.png 9w, https:\/\/ich-offen-sive.de\/wp-content\/uploads\/eBook_Frontansicht_c-230x322.png 230w, https:\/\/ich-offen-sive.de\/wp-content\/uploads\/eBook_Frontansicht_c-350x490.png 350w, https:\/\/ich-offen-sive.de\/wp-content\/uploads\/eBook_Frontansicht_c-480x672.png 480w\" sizes=\"(max-width: 244px) 100vw, 244px\" \/><\/figure><\/div>\n\n\n\n<p><em>Emotionen k\u00f6nnen der Kompass in Deinem Leben sein und Dich zu einem friedlichen, harmonischen und wunderbaren Leben f\u00fchren. Sie sind weder gut noch schlecht, sondern und informieren uns \u00fcber etwas Wichtiges, das angesprochen oder geheilt werden m\u00f6chte.<\/em><\/p>\n\n\n\n<p><em>.<\/em>.<\/p>\n\n\n\n<h6 class=\"wp-block-heading\"><strong>Ich stelle Dir gern diesen Leitfaden&nbsp;<em>kostenfrei<\/em>&nbsp;zur Verf\u00fcgung.<\/strong><\/h6>\n\n\n\n<p>Es z\u00e4hlt 226 Seiten, aber keine Angst, er ist wirklich sehr sch\u00f6n bebildert und die Textanteile lassen sich gut und einfach lesen.<\/p>\n\n\n\n<p>Auf der Seite 22 findest Du einen kleinen Selbsttest, den Du selbst auswerten kannst, und der Dir helfen wird, die aktuelle Gesundheit Deines Emotionalk\u00f6rpers besser einzusch\u00e4tzen.<\/p>\n\n\n\n<p>.<\/p>\n\n\n\n<p>Ich w\u00fcnsche Dir viel Spa\u00df &amp; viele Anregungen.<\/p>\n\n\n\n<p>Von&nbsp;<img decoding=\"async\" loading=\"lazy\" class=\"\" src=\"http:\/\/ich-offen-sive.de\/wp-content\/uploads\/herz-flamingo-294x300.png\" srcset=\"http:\/\/ich-offen-sive.de\/wp-content\/uploads\/herz-flamingo-294x300.png 294w, http:\/\/ich-offen-sive.de\/wp-content\/uploads\/herz-flamingo-150x150.png 150w, http:\/\/ich-offen-sive.de\/wp-content\/uploads\/herz-flamingo-64x64.png 64w, http:\/\/ich-offen-sive.de\/wp-content\/uploads\/herz-flamingo-230x235.png 230w, http:\/\/ich-offen-sive.de\/wp-content\/uploads\/herz-flamingo.png 348w\" alt=\"herz flamingo\" width=\"62\" height=\"62\">&nbsp; &nbsp; &nbsp;Deine Kathrin<\/p>\n\n\n\n<p><br>\n<div class=\"wpcf7 no-js\" id=\"wpcf7-f4421-o1\" lang=\"de-DE\" dir=\"ltr\">\n<div class=\"screen-reader-response\"><p role=\"status\" aria-live=\"polite\" aria-atomic=\"true\"><\/p> <ul><\/ul><\/div>\n<form action=\"\/fr\/wp-json\/wp\/v2\/pages\/4#wpcf7-f4421-o1\" method=\"post\" class=\"wpcf7-form init\" aria-label=\"Kontaktformular\" novalidate=\"novalidate\" data-status=\"init\" data-trp-original-action=\"\/fr\/wp-json\/wp\/v2\/pages\/4#wpcf7-f4421-o1\">\n<div style=\"display: none;\">\n<input type=\"hidden\" name=\"_wpcf7\" value=\"4421\" \/>\n<input type=\"hidden\" name=\"_wpcf7_version\" value=\"5.7.5.1\" \/>\n<input type=\"hidden\" name=\"_wpcf7_locale\" value=\"de_DE\" \/>\n<input type=\"hidden\" name=\"_wpcf7_unit_tag\" value=\"wpcf7-f4421-o1\" \/>\n<input type=\"hidden\" name=\"_wpcf7_container_post\" value=\"0\" \/>\n<input type=\"hidden\" name=\"_wpcf7_posted_data_hash\" value=\"\" \/>\n<\/div>\n<p><label> Dein Name<br \/>\n<span class=\"wpcf7-form-control-wrap\" data-name=\"your-name\"><input size=\"40\" class=\"wpcf7-form-control wpcf7-text wpcf7-validates-as-required\" aria-required=\"true\" aria-invalid=\"false\" value=\"\" type=\"text\" name=\"your-name\" \/><\/span> <\/label>\n<\/p>\n<p><label> Deine E-Mail-Adresse<br \/>\n<span class=\"wpcf7-form-control-wrap\" data-name=\"your-email\"><input size=\"40\" class=\"wpcf7-form-control wpcf7-text wpcf7-email wpcf7-validates-as-required wpcf7-validates-as-email\" aria-required=\"true\" aria-invalid=\"false\" value=\"\" type=\"email\" name=\"your-email\" \/><\/span> <\/label>\n<\/p>\n<p><input class=\"wpcf7-form-control has-spinner wpcf7-submit\" type=\"submit\" value=\"kostenfrei Bestellen\" \/>\n<\/p><div class=\"wpcf7-response-output\" aria-hidden=\"true\"><\/div>\n<input type=\"hidden\" name=\"trp-form-language\" value=\"fr\"\/><\/form>\n<\/div>\n<\/p>","protected":false},"excerpt":{"rendered":"<p>. \u00a0 \u00a0 \u00a0 Hallo &#8211; sch\u00f6n, dass Du hier bist\u00a0\u2665 \u00a0 Hier entsteht die Ich-OFFEN-sive stark&amp;liebevoll beginnt bei Dir selbst\u00a0<\/p>","protected":false},"author":1,"featured_media":0,"parent":0,"menu_order":0,"comment_status":"closed","ping_status":"closed","template":"","meta":{"jetpack_post_was_ever_published":false,"footnotes":""},"yoast_head":"<!-- This site is optimized with the Yoast SEO plugin v20.4 - https:\/\/yoast.com\/wordpress\/plugins\/seo\/ -->\n<title>-<\/title>\n<meta name=\"robots\" content=\"index, follow, max-snippet:-1, max-image-preview:large, max-video-preview:-1\" \/>\n<link rel=\"canonical\" href=\"https:\/\/ich-offen-sive.de\/fr\/\" \/>\n<meta property=\"og:locale\" content=\"fr_FR\" \/>\n<meta property=\"og:type\" content=\"article\" \/>\n<meta property=\"og:title\" content=\"-\" \/>\n<meta property=\"og:description\" content=\". \u00a0 \u00a0 \u00a0 Hallo &#8211; sch\u00f6n, dass Du hier bist\u00a0\u2665 \u00a0 Hier entsteht die Ich-OFFEN-sive stark&amp;liebevoll beginnt bei Dir selbst\u00a0\" \/>\n<meta property=\"og:url\" content=\"https:\/\/ich-offen-sive.de\/fr\/\" \/>\n<meta property=\"article:modified_time\" content=\"2022-10-25T12:30:30+00:00\" \/>\n<meta property=\"og:image\" content=\"http:\/\/ich-offen-sive.de\/wp-content\/uploads\/flower-center-1447442__340-1-222x300.jpg\" \/>\n<meta name=\"twitter:card\" content=\"summary_large_image\" \/>\n<meta name=\"twitter:label1\" content=\"Dur\u00e9e de lecture estim\u00e9e\" \/>\n\t<meta name=\"twitter:data1\" content=\"3 minutes\" \/>\n<script type=\"application\/ld+json\" class=\"yoast-schema-graph\">{\"@context\":\"https:\/\/schema.org\",\"@graph\":[{\"@type\":\"WebPage\",\"@id\":\"https:\/\/ich-offen-sive.de\/\",\"url\":\"https:\/\/ich-offen-sive.de\/\",\"name\":\"-\",\"isPartOf\":{\"@id\":\"https:\/\/ich-offen-sive.de\/#website\"},\"datePublished\":\"2016-10-13T13:10:44+00:00\",\"dateModified\":\"2022-10-25T12:30:30+00:00\",\"inLanguage\":\"fr-FR\",\"potentialAction\":[{\"@type\":\"ReadAction\",\"target\":[\"https:\/\/ich-offen-sive.de\/\"]}]},{\"@type\":\"WebSite\",\"@id\":\"https:\/\/ich-offen-sive.de\/#website\",\"url\":\"https:\/\/ich-offen-sive.de\/\",\"name\":\"\",\"description\":\"Stark &amp; liebevoll beginnt bei DIR selbst\",\"potentialAction\":[{\"@type\":\"SearchAction\",\"target\":{\"@type\":\"EntryPoint\",\"urlTemplate\":\"https:\/\/ich-offen-sive.de\/?s={search_term_string}\"},\"query-input\":\"required name=search_term_string\"}],\"inLanguage\":\"fr-FR\"}]}<\/script>\n<!-- \/ Yoast SEO plugin. -->","yoast_head_json":{"title":"-","robots":{"index":"index","follow":"follow","max-snippet":"max-snippet:-1","max-image-preview":"max-image-preview:large","max-video-preview":"max-video-preview:-1"},"canonical":"https:\/\/ich-offen-sive.de\/fr\/","og_locale":"fr_FR","og_type":"article","og_title":"-","og_description":". \u00a0 \u00a0 \u00a0 Hallo &#8211; sch\u00f6n, dass Du hier bist\u00a0\u2665 \u00a0 Hier entsteht die Ich-OFFEN-sive stark&amp;liebevoll beginnt bei Dir selbst\u00a0","og_url":"https:\/\/ich-offen-sive.de\/fr\/","article_modified_time":"2022-10-25T12:30:30+00:00","og_image":[{"url":"http:\/\/ich-offen-sive.de\/wp-content\/uploads\/flower-center-1447442__340-1-222x300.jpg"}],"twitter_card":"summary_large_image","twitter_misc":{"Dur\u00e9e de lecture estim\u00e9e":"3 minutes"},"schema":{"@context":"https:\/\/schema.org","@graph":[{"@type":"WebPage","@id":"https:\/\/ich-offen-sive.de\/","url":"https:\/\/ich-offen-sive.de\/","name":"-","isPartOf":{"@id":"https:\/\/ich-offen-sive.de\/#website"},"datePublished":"2016-10-13T13:10:44+00:00","dateModified":"2022-10-25T12:30:30+00:00","inLanguage":"fr-FR","potentialAction":[{"@type":"ReadAction","target":["https:\/\/ich-offen-sive.de\/"]}]},{"@type":"WebSite","@id":"https:\/\/ich-offen-sive.de\/#website","url":"https:\/\/ich-offen-sive.de\/","name":"","description":"Stark &amp; liebevoll beginnt bei DIR selbst","potentialAction":[{"@type":"SearchAction","target":{"@type":"EntryPoint","urlTemplate":"https:\/\/ich-offen-sive.de\/?s={search_term_string}"},"query-input":"required name=search_term_string"}],"inLanguage":"fr-FR"}]}},"jetpack_sharing_enabled":true,"jetpack_shortlink":"https:\/\/wp.me\/P804zd-4","_links":{"self":[{"href":"https:\/\/ich-offen-sive.de\/fr\/wp-json\/wp\/v2\/pages\/4"}],"collection":[{"href":"https:\/\/ich-offen-sive.de\/fr\/wp-json\/wp\/v2\/pages"}],"about":[{"href":"https:\/\/ich-offen-sive.de\/fr\/wp-json\/wp\/v2\/types\/page"}],"author":[{"embeddable":true,"href":"https:\/\/ich-offen-sive.de\/fr\/wp-json\/wp\/v2\/users\/1"}],"replies":[{"embeddable":true,"href":"https:\/\/ich-offen-sive.de\/fr\/wp-json\/wp\/v2\/comments?post=4"}],"version-history":[{"count":9,"href":"https:\/\/ich-offen-sive.de\/fr\/wp-json\/wp\/v2\/pages\/4\/revisions"}],"predecessor-version":[{"id":4446,"href":"https:\/\/ich-offen-sive.de\/fr\/wp-json\/wp\/v2\/pages\/4\/revisions\/4446"}],"wp:attachment":[{"href":"https:\/\/ich-offen-sive.de\/fr\/wp-json\/wp\/v2\/media?parent=4"}],"curies":[{"name":"wp","href":"https:\/\/api.w.org\/{rel}","templated":true}]}}